{"id":22792,"date":"2022-09-29T22:09:12","date_gmt":"2022-09-29T15:09:12","guid":{"rendered":"https:\/\/demo8.thuythu.com\/fdmart\/san-pham\/0165-hop-xe-tang-banh-xich-dk-7-d-tac-xoay-nong-co-sac-call-of-duty-tank\/"},"modified":"2022-09-29T22:09:12","modified_gmt":"2022-09-29T15:09:12","slug":"0165-hop-xe-tang-banh-xich-dk-7-d-tac-xoay-nong-co-sac-call-of-duty-tank","status":"publish","type":"product","link":"https:\/\/demo8.thuythu.com\/fdmart\/san-pham\/0165-hop-xe-tang-banh-xich-dk-7-d-tac-xoay-nong-co-sac-call-of-duty-tank\/","title":{"rendered":"0165 H\u1ed9p Xe T\u0103ng B\u00e1nh X\u00edch \u0110k 7 \u0110.T\u00e1c, Xoay N\u00f2ng, C\u00f3 S\u1ea1c Call Of Duty Tank"},"content":{"rendered":"","protected":false},"excerpt":{"rendered":"","protected":false},"featured_media":0,"comment_status":"open","ping_status":"closed","template":"","meta":[],"product_cat":[541],"product_tag":[],"_links":{"self":[{"href":"https:\/\/demo8.thuythu.com\/fdmart\/wp-json\/wp\/v2\/product\/22792"}],"collection":[{"href":"https:\/\/demo8.thuythu.com\/fdmart\/wp-json\/wp\/v2\/product"}],"about":[{"href":"https:\/\/demo8.thuythu.com\/fdmart\/wp-json\/wp\/v2\/types\/product"}],"replies":[{"embeddable":true,"href":"https:\/\/demo8.thuythu.com\/fdmart\/wp-json\/wp\/v2\/comments?post=22792"}],"wp:attachment":[{"href":"https:\/\/demo8.thuythu.com\/fdmart\/wp-json\/wp\/v2\/media?parent=22792"}],"wp:term":[{"taxonomy":"product_cat","embeddable":true,"href":"https:\/\/demo8.thuythu.com\/fdmart\/wp-json\/wp\/v2\/product_cat?post=22792"},{"taxonomy":"product_tag","embeddable":true,"href":"https:\/\/demo8.thuythu.com\/fdmart\/wp-json\/wp\/v2\/product_tag?post=22792"}],"curies":[{"name":"wp","href":"https:\/\/api.w.org\/{rel}","templated":true}]}}