{"id":22801,"date":"2022-09-29T22:09:19","date_gmt":"2022-09-29T15:09:19","guid":{"rendered":"https:\/\/demo8.thuythu.com\/fdmart\/san-pham\/0331b-hop-x_-xa-bong-pin-2-binh-45-tia-co-sac-usb-electric-bubble-0331-0331c\/"},"modified":"2022-09-29T22:09:19","modified_gmt":"2022-09-29T15:09:19","slug":"0331b-hop-x_-xa-bong-pin-2-binh-45-tia-co-sac-usb-electric-bubble-0331-0331c","status":"publish","type":"product","link":"https:\/\/demo8.thuythu.com\/fdmart\/san-pham\/0331b-hop-x_-xa-bong-pin-2-binh-45-tia-co-sac-usb-electric-bubble-0331-0331c\/","title":{"rendered":"0331B H\u1ed9p X_ X\u00e0 B\u00f4ng Pin 2 B\u00ecnh 45 Tia, C\u00f3 S\u1ea1c Usb Electric Bubble 0331, 0331c"},"content":{"rendered":"","protected":false},"excerpt":{"rendered":"","protected":false},"featured_media":0,"comment_status":"open","ping_status":"closed","template":"","meta":[],"product_cat":[541],"product_tag":[],"_links":{"self":[{"href":"https:\/\/demo8.thuythu.com\/fdmart\/wp-json\/wp\/v2\/product\/22801"}],"collection":[{"href":"https:\/\/demo8.thuythu.com\/fdmart\/wp-json\/wp\/v2\/product"}],"about":[{"href":"https:\/\/demo8.thuythu.com\/fdmart\/wp-json\/wp\/v2\/types\/product"}],"replies":[{"embeddable":true,"href":"https:\/\/demo8.thuythu.com\/fdmart\/wp-json\/wp\/v2\/comments?post=22801"}],"wp:attachment":[{"href":"https:\/\/demo8.thuythu.com\/fdmart\/wp-json\/wp\/v2\/media?parent=22801"}],"wp:term":[{"taxonomy":"product_cat","embeddable":true,"href":"https:\/\/demo8.thuythu.com\/fdmart\/wp-json\/wp\/v2\/product_cat?post=22801"},{"taxonomy":"product_tag","embeddable":true,"href":"https:\/\/demo8.thuythu.com\/fdmart\/wp-json\/wp\/v2\/product_tag?post=22801"}],"curies":[{"name":"wp","href":"https:\/\/api.w.org\/{rel}","templated":true}]}}