{"id":22813,"date":"2022-09-29T22:09:30","date_gmt":"2022-09-29T15:09:30","guid":{"rendered":"https:\/\/demo8.thuythu.com\/fdmart\/san-pham\/1001cd-tui-bep-lo-nuong-ga-banh-mi-trung-chen-dia-muong-nia-banh-quy-tuong-pvc-home-appliances-xz-1001-xz1002\/"},"modified":"2022-09-29T22:09:30","modified_gmt":"2022-09-29T15:09:30","slug":"1001cd-tui-bep-lo-nuong-ga-banh-mi-trung-chen-dia-muong-nia-banh-quy-tuong-pvc-home-appliances-xz-1001-xz1002","status":"publish","type":"product","link":"https:\/\/demo8.thuythu.com\/fdmart\/san-pham\/1001cd-tui-bep-lo-nuong-ga-banh-mi-trung-chen-dia-muong-nia-banh-quy-tuong-pvc-home-appliances-xz-1001-xz1002\/","title":{"rendered":"1001CD T\u00fai B\u1ebfp L\u00f2 N\u01b0\u1edbng + G\u00e0, B\u00e1nh M\u00ec, Tr\u1ee9ng ,Ch\u00e9n, D\u0129a, Mu\u1ed7ng, N\u0129a, B\u00e1nh Quy, T\u01b0\u01a1ng (Pvc) Home Appliances Xz-1001, Xz1002"},"content":{"rendered":"","protected":false},"excerpt":{"rendered":"","protected":false},"featured_media":22812,"comment_status":"open","ping_status":"closed","template":"","meta":[],"product_cat":[541],"product_tag":[],"_links":{"self":[{"href":"https:\/\/demo8.thuythu.com\/fdmart\/wp-json\/wp\/v2\/product\/22813"}],"collection":[{"href":"https:\/\/demo8.thuythu.com\/fdmart\/wp-json\/wp\/v2\/product"}],"about":[{"href":"https:\/\/demo8.thuythu.com\/fdmart\/wp-json\/wp\/v2\/types\/product"}],"replies":[{"embeddable":true,"href":"https:\/\/demo8.thuythu.com\/fdmart\/wp-json\/wp\/v2\/comments?post=22813"}],"wp:featuredmedia":[{"embeddable":true,"href":"https:\/\/demo8.thuythu.com\/fdmart\/wp-json\/wp\/v2\/media\/22812"}],"wp:attachment":[{"href":"https:\/\/demo8.thuythu.com\/fdmart\/wp-json\/wp\/v2\/media?parent=22813"}],"wp:term":[{"taxonomy":"product_cat","embeddable":true,"href":"https:\/\/demo8.thuythu.com\/fdmart\/wp-json\/wp\/v2\/product_cat?post=22813"},{"taxonomy":"product_tag","embeddable":true,"href":"https:\/\/demo8.thuythu.com\/fdmart\/wp-json\/wp\/v2\/product_tag?post=22813"}],"curies":[{"name":"wp","href":"https:\/\/api.w.org\/{rel}","templated":true}]}}