{"id":22821,"date":"2022-09-29T22:09:37","date_gmt":"2022-09-29T15:09:37","guid":{"rendered":"https:\/\/demo8.thuythu.com\/fdmart\/san-pham\/101-hop-x_-xa-bong-pin-2-binh-45-tia-co-sac-bubble-gun\/"},"modified":"2022-09-29T22:09:37","modified_gmt":"2022-09-29T15:09:37","slug":"101-hop-x_-xa-bong-pin-2-binh-45-tia-co-sac-bubble-gun","status":"publish","type":"product","link":"https:\/\/demo8.thuythu.com\/fdmart\/san-pham\/101-hop-x_-xa-bong-pin-2-binh-45-tia-co-sac-bubble-gun\/","title":{"rendered":"101 H\u1ed9p X_ X\u00e0 B\u00f4ng Pin 2 B\u00ecnh 45 Tia, C\u00f3 S\u1ea1c Bubble Gun"},"content":{"rendered":"","protected":false},"excerpt":{"rendered":"","protected":false},"featured_media":22820,"comment_status":"open","ping_status":"closed","template":"","meta":[],"product_cat":[541],"product_tag":[],"_links":{"self":[{"href":"https:\/\/demo8.thuythu.com\/fdmart\/wp-json\/wp\/v2\/product\/22821"}],"collection":[{"href":"https:\/\/demo8.thuythu.com\/fdmart\/wp-json\/wp\/v2\/product"}],"about":[{"href":"https:\/\/demo8.thuythu.com\/fdmart\/wp-json\/wp\/v2\/types\/product"}],"replies":[{"embeddable":true,"href":"https:\/\/demo8.thuythu.com\/fdmart\/wp-json\/wp\/v2\/comments?post=22821"}],"wp:featuredmedia":[{"embeddable":true,"href":"https:\/\/demo8.thuythu.com\/fdmart\/wp-json\/wp\/v2\/media\/22820"}],"wp:attachment":[{"href":"https:\/\/demo8.thuythu.com\/fdmart\/wp-json\/wp\/v2\/media?parent=22821"}],"wp:term":[{"taxonomy":"product_cat","embeddable":true,"href":"https:\/\/demo8.thuythu.com\/fdmart\/wp-json\/wp\/v2\/product_cat?post=22821"},{"taxonomy":"product_tag","embeddable":true,"href":"https:\/\/demo8.thuythu.com\/fdmart\/wp-json\/wp\/v2\/product_tag?post=22821"}],"curies":[{"name":"wp","href":"https:\/\/api.w.org\/{rel}","templated":true}]}}