{"id":23751,"date":"2022-09-29T22:24:06","date_gmt":"2022-09-29T15:24:06","guid":{"rendered":"https:\/\/demo8.thuythu.com\/fdmart\/san-pham\/ban-chai-danh-rang-colgate-360-charcoal-spiral\/"},"modified":"2022-10-07T21:04:54","modified_gmt":"2022-10-07T14:04:54","slug":"ban-chai-danh-rang-colgate-360-charcoal-spiral","status":"publish","type":"product","link":"https:\/\/demo8.thuythu.com\/fdmart\/san-pham\/ban-chai-danh-rang-colgate-360-charcoal-spiral\/","title":{"rendered":"B\u00e0n Ch\u1ea3i \u0110\u00e1nh R\u0103ng Colgate 360 Charcoal Spiral"},"content":{"rendered":"","protected":false},"excerpt":{"rendered":"","protected":false},"featured_media":23750,"comment_status":"open","ping_status":"closed","template":"","meta":[],"product_cat":[352],"product_tag":[],"_links":{"self":[{"href":"https:\/\/demo8.thuythu.com\/fdmart\/wp-json\/wp\/v2\/product\/23751"}],"collection":[{"href":"https:\/\/demo8.thuythu.com\/fdmart\/wp-json\/wp\/v2\/product"}],"about":[{"href":"https:\/\/demo8.thuythu.com\/fdmart\/wp-json\/wp\/v2\/types\/product"}],"replies":[{"embeddable":true,"href":"https:\/\/demo8.thuythu.com\/fdmart\/wp-json\/wp\/v2\/comments?post=23751"}],"wp:featuredmedia":[{"embeddable":true,"href":"https:\/\/demo8.thuythu.com\/fdmart\/wp-json\/wp\/v2\/media\/23750"}],"wp:attachment":[{"href":"https:\/\/demo8.thuythu.com\/fdmart\/wp-json\/wp\/v2\/media?parent=23751"}],"wp:term":[{"taxonomy":"product_cat","embeddable":true,"href":"https:\/\/demo8.thuythu.com\/fdmart\/wp-json\/wp\/v2\/product_cat?post=23751"},{"taxonomy":"product_tag","embeddable":true,"href":"https:\/\/demo8.thuythu.com\/fdmart\/wp-json\/wp\/v2\/product_tag?post=23751"}],"curies":[{"name":"wp","href":"https:\/\/api.w.org\/{rel}","templated":true}]}}