{"id":23761,"date":"2022-09-29T22:24:17","date_gmt":"2022-09-29T15:24:17","guid":{"rendered":"https:\/\/demo8.thuythu.com\/fdmart\/san-pham\/ban-chai-danh-rang-colgate-mem-manh-sach-sang\/"},"modified":"2022-09-29T22:24:17","modified_gmt":"2022-09-29T15:24:17","slug":"ban-chai-danh-rang-colgate-mem-manh-sach-sang","status":"publish","type":"product","link":"https:\/\/demo8.thuythu.com\/fdmart\/san-pham\/ban-chai-danh-rang-colgate-mem-manh-sach-sang\/","title":{"rendered":"B\u00e0n Ch\u1ea3i \u0110\u00e1nh R\u0103ng Colgate M\u1ec1m M\u1ea3nh S\u1ea1ch S\u00e1ng"},"content":{"rendered":"","protected":false},"excerpt":{"rendered":"","protected":false},"featured_media":23760,"comment_status":"open","ping_status":"closed","template":"","meta":[],"product_cat":[352],"product_tag":[],"_links":{"self":[{"href":"https:\/\/demo8.thuythu.com\/fdmart\/wp-json\/wp\/v2\/product\/23761"}],"collection":[{"href":"https:\/\/demo8.thuythu.com\/fdmart\/wp-json\/wp\/v2\/product"}],"about":[{"href":"https:\/\/demo8.thuythu.com\/fdmart\/wp-json\/wp\/v2\/types\/product"}],"replies":[{"embeddable":true,"href":"https:\/\/demo8.thuythu.com\/fdmart\/wp-json\/wp\/v2\/comments?post=23761"}],"wp:featuredmedia":[{"embeddable":true,"href":"https:\/\/demo8.thuythu.com\/fdmart\/wp-json\/wp\/v2\/media\/23760"}],"wp:attachment":[{"href":"https:\/\/demo8.thuythu.com\/fdmart\/wp-json\/wp\/v2\/media?parent=23761"}],"wp:term":[{"taxonomy":"product_cat","embeddable":true,"href":"https:\/\/demo8.thuythu.com\/fdmart\/wp-json\/wp\/v2\/product_cat?post=23761"},{"taxonomy":"product_tag","embeddable":true,"href":"https:\/\/demo8.thuythu.com\/fdmart\/wp-json\/wp\/v2\/product_tag?post=23761"}],"curies":[{"name":"wp","href":"https:\/\/api.w.org\/{rel}","templated":true}]}}