{"id":23763,"date":"2022-09-29T22:24:18","date_gmt":"2022-09-29T15:24:18","guid":{"rendered":"https:\/\/demo8.thuythu.com\/fdmart\/san-pham\/ban-chai-danh-rang-colgate-mem-manh-sach-sau-hieu-qua\/"},"modified":"2022-09-29T22:24:18","modified_gmt":"2022-09-29T15:24:18","slug":"ban-chai-danh-rang-colgate-mem-manh-sach-sau-hieu-qua","status":"publish","type":"product","link":"https:\/\/demo8.thuythu.com\/fdmart\/san-pham\/ban-chai-danh-rang-colgate-mem-manh-sach-sau-hieu-qua\/","title":{"rendered":"B\u00e0n Ch\u1ea3i \u0110\u00e1nh R\u0103ng Colgate M\u1ec1m M\u1ea3nh S\u1ea1ch S\u00e2u Hi\u1ec7u Qu\u1ea3"},"content":{"rendered":"","protected":false},"excerpt":{"rendered":"","protected":false},"featured_media":23762,"comment_status":"open","ping_status":"closed","template":"","meta":[],"product_cat":[352],"product_tag":[],"_links":{"self":[{"href":"https:\/\/demo8.thuythu.com\/fdmart\/wp-json\/wp\/v2\/product\/23763"}],"collection":[{"href":"https:\/\/demo8.thuythu.com\/fdmart\/wp-json\/wp\/v2\/product"}],"about":[{"href":"https:\/\/demo8.thuythu.com\/fdmart\/wp-json\/wp\/v2\/types\/product"}],"replies":[{"embeddable":true,"href":"https:\/\/demo8.thuythu.com\/fdmart\/wp-json\/wp\/v2\/comments?post=23763"}],"wp:featuredmedia":[{"embeddable":true,"href":"https:\/\/demo8.thuythu.com\/fdmart\/wp-json\/wp\/v2\/media\/23762"}],"wp:attachment":[{"href":"https:\/\/demo8.thuythu.com\/fdmart\/wp-json\/wp\/v2\/media?parent=23763"}],"wp:term":[{"taxonomy":"product_cat","embeddable":true,"href":"https:\/\/demo8.thuythu.com\/fdmart\/wp-json\/wp\/v2\/product_cat?post=23763"},{"taxonomy":"product_tag","embeddable":true,"href":"https:\/\/demo8.thuythu.com\/fdmart\/wp-json\/wp\/v2\/product_tag?post=23763"}],"curies":[{"name":"wp","href":"https:\/\/api.w.org\/{rel}","templated":true}]}}