{"id":23785,"date":"2022-09-29T22:24:35","date_gmt":"2022-09-29T15:24:35","guid":{"rendered":"https:\/\/demo8.thuythu.com\/fdmart\/san-pham\/ban-chai-danh-rang-dr-kool-ca-ngua\/"},"modified":"2022-09-29T22:24:35","modified_gmt":"2022-09-29T15:24:35","slug":"ban-chai-danh-rang-dr-kool-ca-ngua","status":"publish","type":"product","link":"https:\/\/demo8.thuythu.com\/fdmart\/san-pham\/ban-chai-danh-rang-dr-kool-ca-ngua\/","title":{"rendered":"B\u00e0n Ch\u1ea3i \u0110\u00e1nh R\u0103ng Dr.Kool C\u00e1 Ng\u1ef1a"},"content":{"rendered":"","protected":false},"excerpt":{"rendered":"","protected":false},"featured_media":23784,"comment_status":"open","ping_status":"closed","template":"","meta":[],"product_cat":[352],"product_tag":[],"_links":{"self":[{"href":"https:\/\/demo8.thuythu.com\/fdmart\/wp-json\/wp\/v2\/product\/23785"}],"collection":[{"href":"https:\/\/demo8.thuythu.com\/fdmart\/wp-json\/wp\/v2\/product"}],"about":[{"href":"https:\/\/demo8.thuythu.com\/fdmart\/wp-json\/wp\/v2\/types\/product"}],"replies":[{"embeddable":true,"href":"https:\/\/demo8.thuythu.com\/fdmart\/wp-json\/wp\/v2\/comments?post=23785"}],"wp:featuredmedia":[{"embeddable":true,"href":"https:\/\/demo8.thuythu.com\/fdmart\/wp-json\/wp\/v2\/media\/23784"}],"wp:attachment":[{"href":"https:\/\/demo8.thuythu.com\/fdmart\/wp-json\/wp\/v2\/media?parent=23785"}],"wp:term":[{"taxonomy":"product_cat","embeddable":true,"href":"https:\/\/demo8.thuythu.com\/fdmart\/wp-json\/wp\/v2\/product_cat?post=23785"},{"taxonomy":"product_tag","embeddable":true,"href":"https:\/\/demo8.thuythu.com\/fdmart\/wp-json\/wp\/v2\/product_tag?post=23785"}],"curies":[{"name":"wp","href":"https:\/\/api.w.org\/{rel}","templated":true}]}}