{"id":23887,"date":"2022-09-29T22:26:05","date_gmt":"2022-09-29T15:26:05","guid":{"rendered":"https:\/\/demo8.thuythu.com\/fdmart\/san-pham\/bang-ve-sinh-ban-dem-laurier-safety-night-35cm-goi-4-mieng\/"},"modified":"2022-09-29T22:26:05","modified_gmt":"2022-09-29T15:26:05","slug":"bang-ve-sinh-ban-dem-laurier-safety-night-35cm-goi-4-mieng","status":"publish","type":"product","link":"https:\/\/demo8.thuythu.com\/fdmart\/san-pham\/bang-ve-sinh-ban-dem-laurier-safety-night-35cm-goi-4-mieng\/","title":{"rendered":"B\u0103ng V\u1ec7 Sinh Ban \u0110\u00eam Laurier Safety Night 35cm g\u00f3i 4 mi\u1ebfng"},"content":{"rendered":"","protected":false},"excerpt":{"rendered":"","protected":false},"featured_media":23886,"comment_status":"open","ping_status":"closed","template":"","meta":[],"product_cat":[501],"product_tag":[],"_links":{"self":[{"href":"https:\/\/demo8.thuythu.com\/fdmart\/wp-json\/wp\/v2\/product\/23887"}],"collection":[{"href":"https:\/\/demo8.thuythu.com\/fdmart\/wp-json\/wp\/v2\/product"}],"about":[{"href":"https:\/\/demo8.thuythu.com\/fdmart\/wp-json\/wp\/v2\/types\/product"}],"replies":[{"embeddable":true,"href":"https:\/\/demo8.thuythu.com\/fdmart\/wp-json\/wp\/v2\/comments?post=23887"}],"wp:featuredmedia":[{"embeddable":true,"href":"https:\/\/demo8.thuythu.com\/fdmart\/wp-json\/wp\/v2\/media\/23886"}],"wp:attachment":[{"href":"https:\/\/demo8.thuythu.com\/fdmart\/wp-json\/wp\/v2\/media?parent=23887"}],"wp:term":[{"taxonomy":"product_cat","embeddable":true,"href":"https:\/\/demo8.thuythu.com\/fdmart\/wp-json\/wp\/v2\/product_cat?post=23887"},{"taxonomy":"product_tag","embeddable":true,"href":"https:\/\/demo8.thuythu.com\/fdmart\/wp-json\/wp\/v2\/product_tag?post=23887"}],"curies":[{"name":"wp","href":"https:\/\/api.w.org\/{rel}","templated":true}]}}