{"id":23895,"date":"2022-09-29T22:26:12","date_gmt":"2022-09-29T15:26:12","guid":{"rendered":"https:\/\/demo8.thuythu.com\/fdmart\/san-pham\/bang-ve-sinh-diana-day-co-canh\/"},"modified":"2023-10-03T19:06:42","modified_gmt":"2023-10-03T12:06:42","slug":"bang-ve-sinh-diana-day-co-canh","status":"publish","type":"product","link":"https:\/\/demo8.thuythu.com\/fdmart\/san-pham\/bang-ve-sinh-diana-day-co-canh\/","title":{"rendered":"B\u0103ng V\u1ec7 Sinh Diana D\u00e0y C\u00f3 C\u00e1nh"},"content":{"rendered":"","protected":false},"excerpt":{"rendered":"","protected":false},"featured_media":23894,"comment_status":"open","ping_status":"closed","template":"","meta":[],"product_cat":[501],"product_tag":[],"_links":{"self":[{"href":"https:\/\/demo8.thuythu.com\/fdmart\/wp-json\/wp\/v2\/product\/23895"}],"collection":[{"href":"https:\/\/demo8.thuythu.com\/fdmart\/wp-json\/wp\/v2\/product"}],"about":[{"href":"https:\/\/demo8.thuythu.com\/fdmart\/wp-json\/wp\/v2\/types\/product"}],"replies":[{"embeddable":true,"href":"https:\/\/demo8.thuythu.com\/fdmart\/wp-json\/wp\/v2\/comments?post=23895"}],"wp:featuredmedia":[{"embeddable":true,"href":"https:\/\/demo8.thuythu.com\/fdmart\/wp-json\/wp\/v2\/media\/23894"}],"wp:attachment":[{"href":"https:\/\/demo8.thuythu.com\/fdmart\/wp-json\/wp\/v2\/media?parent=23895"}],"wp:term":[{"taxonomy":"product_cat","embeddable":true,"href":"https:\/\/demo8.thuythu.com\/fdmart\/wp-json\/wp\/v2\/product_cat?post=23895"},{"taxonomy":"product_tag","embeddable":true,"href":"https:\/\/demo8.thuythu.com\/fdmart\/wp-json\/wp\/v2\/product_tag?post=23895"}],"curies":[{"name":"wp","href":"https:\/\/api.w.org\/{rel}","templated":true}]}}