{"id":23897,"date":"2022-09-29T22:26:14","date_gmt":"2022-09-29T15:26:14","guid":{"rendered":"https:\/\/demo8.thuythu.com\/fdmart\/san-pham\/bang-ve-sinh-diana-dem-canh-35cm-3-mieng\/"},"modified":"2023-10-03T20:23:28","modified_gmt":"2023-10-03T13:23:28","slug":"bang-ve-sinh-diana-dem-canh-35cm-3-mieng","status":"publish","type":"product","link":"https:\/\/demo8.thuythu.com\/fdmart\/san-pham\/bang-ve-sinh-diana-dem-canh-35cm-3-mieng\/","title":{"rendered":"B\u0103ng V\u1ec7 Sinh Diana \u0110\u00eam C\u00e1nh 35cm &#8211; 3 mi\u1ebfng (B\u1ecbch)"},"content":{"rendered":"","protected":false},"excerpt":{"rendered":"","protected":false},"featured_media":0,"comment_status":"open","ping_status":"closed","template":"","meta":[],"product_cat":[501],"product_tag":[],"_links":{"self":[{"href":"https:\/\/demo8.thuythu.com\/fdmart\/wp-json\/wp\/v2\/product\/23897"}],"collection":[{"href":"https:\/\/demo8.thuythu.com\/fdmart\/wp-json\/wp\/v2\/product"}],"about":[{"href":"https:\/\/demo8.thuythu.com\/fdmart\/wp-json\/wp\/v2\/types\/product"}],"replies":[{"embeddable":true,"href":"https:\/\/demo8.thuythu.com\/fdmart\/wp-json\/wp\/v2\/comments?post=23897"}],"wp:attachment":[{"href":"https:\/\/demo8.thuythu.com\/fdmart\/wp-json\/wp\/v2\/media?parent=23897"}],"wp:term":[{"taxonomy":"product_cat","embeddable":true,"href":"https:\/\/demo8.thuythu.com\/fdmart\/wp-json\/wp\/v2\/product_cat?post=23897"},{"taxonomy":"product_tag","embeddable":true,"href":"https:\/\/demo8.thuythu.com\/fdmart\/wp-json\/wp\/v2\/product_tag?post=23897"}],"curies":[{"name":"wp","href":"https:\/\/api.w.org\/{rel}","templated":true}]}}