{"id":23900,"date":"2022-09-29T22:26:17","date_gmt":"2022-09-29T15:26:17","guid":{"rendered":"https:\/\/demo8.thuythu.com\/fdmart\/san-pham\/bang-ve-sinh-diana-hang-ngay-khang-khuan-sieu-tham-20-mieng\/"},"modified":"2022-10-01T20:59:31","modified_gmt":"2022-10-01T13:59:31","slug":"bang-ve-sinh-diana-hang-ngay-khang-khuan-sieu-tham-20-mieng","status":"publish","type":"product","link":"https:\/\/demo8.thuythu.com\/fdmart\/san-pham\/bang-ve-sinh-diana-hang-ngay-khang-khuan-sieu-tham-20-mieng\/","title":{"rendered":"B\u0103ng V\u1ec7 Sinh Diana H\u00e0ng Ng\u00e0y Kh\u00e1ng Khu\u1ea9n Si\u00eau Th\u1ea5m 20 Mi\u1ebfng"},"content":{"rendered":"","protected":false},"excerpt":{"rendered":"","protected":false},"featured_media":23899,"comment_status":"open","ping_status":"closed","template":"","meta":[],"product_cat":[501],"product_tag":[],"_links":{"self":[{"href":"https:\/\/demo8.thuythu.com\/fdmart\/wp-json\/wp\/v2\/product\/23900"}],"collection":[{"href":"https:\/\/demo8.thuythu.com\/fdmart\/wp-json\/wp\/v2\/product"}],"about":[{"href":"https:\/\/demo8.thuythu.com\/fdmart\/wp-json\/wp\/v2\/types\/product"}],"replies":[{"embeddable":true,"href":"https:\/\/demo8.thuythu.com\/fdmart\/wp-json\/wp\/v2\/comments?post=23900"}],"wp:featuredmedia":[{"embeddable":true,"href":"https:\/\/demo8.thuythu.com\/fdmart\/wp-json\/wp\/v2\/media\/23899"}],"wp:attachment":[{"href":"https:\/\/demo8.thuythu.com\/fdmart\/wp-json\/wp\/v2\/media?parent=23900"}],"wp:term":[{"taxonomy":"product_cat","embeddable":true,"href":"https:\/\/demo8.thuythu.com\/fdmart\/wp-json\/wp\/v2\/product_cat?post=23900"},{"taxonomy":"product_tag","embeddable":true,"href":"https:\/\/demo8.thuythu.com\/fdmart\/wp-json\/wp\/v2\/product_tag?post=23900"}],"curies":[{"name":"wp","href":"https:\/\/api.w.org\/{rel}","templated":true}]}}