{"id":23904,"date":"2022-09-29T22:26:20","date_gmt":"2022-09-29T15:26:20","guid":{"rendered":"https:\/\/demo8.thuythu.com\/fdmart\/san-pham\/bang-ve-sinh-diana-sensi-ban-dem-co-canh-29cm\/"},"modified":"2022-09-29T22:26:20","modified_gmt":"2022-09-29T15:26:20","slug":"bang-ve-sinh-diana-sensi-ban-dem-co-canh-29cm","status":"publish","type":"product","link":"https:\/\/demo8.thuythu.com\/fdmart\/san-pham\/bang-ve-sinh-diana-sensi-ban-dem-co-canh-29cm\/","title":{"rendered":"B\u0103ng V\u1ec7 Sinh Diana Sensi Ban \u0110\u00eam C\u00f3 C\u00e1nh 29cm"},"content":{"rendered":"","protected":false},"excerpt":{"rendered":"","protected":false},"featured_media":23903,"comment_status":"open","ping_status":"closed","template":"","meta":[],"product_cat":[501],"product_tag":[],"_links":{"self":[{"href":"https:\/\/demo8.thuythu.com\/fdmart\/wp-json\/wp\/v2\/product\/23904"}],"collection":[{"href":"https:\/\/demo8.thuythu.com\/fdmart\/wp-json\/wp\/v2\/product"}],"about":[{"href":"https:\/\/demo8.thuythu.com\/fdmart\/wp-json\/wp\/v2\/types\/product"}],"replies":[{"embeddable":true,"href":"https:\/\/demo8.thuythu.com\/fdmart\/wp-json\/wp\/v2\/comments?post=23904"}],"wp:featuredmedia":[{"embeddable":true,"href":"https:\/\/demo8.thuythu.com\/fdmart\/wp-json\/wp\/v2\/media\/23903"}],"wp:attachment":[{"href":"https:\/\/demo8.thuythu.com\/fdmart\/wp-json\/wp\/v2\/media?parent=23904"}],"wp:term":[{"taxonomy":"product_cat","embeddable":true,"href":"https:\/\/demo8.thuythu.com\/fdmart\/wp-json\/wp\/v2\/product_cat?post=23904"},{"taxonomy":"product_tag","embeddable":true,"href":"https:\/\/demo8.thuythu.com\/fdmart\/wp-json\/wp\/v2\/product_tag?post=23904"}],"curies":[{"name":"wp","href":"https:\/\/api.w.org\/{rel}","templated":true}]}}