{"id":24004,"date":"2022-09-29T22:27:55","date_gmt":"2022-09-29T15:27:55","guid":{"rendered":"https:\/\/demo8.thuythu.com\/fdmart\/san-pham\/banh-an-kieng-yen-mach-fine-sunrise-hop-178gr\/"},"modified":"2022-10-18T15:59:06","modified_gmt":"2022-10-18T08:59:06","slug":"banh-an-kieng-yen-mach-fine-sunrise-hop-178gr","status":"publish","type":"product","link":"https:\/\/demo8.thuythu.com\/fdmart\/san-pham\/banh-an-kieng-yen-mach-fine-sunrise-hop-178gr\/","title":{"rendered":"B\u00e1nh \u0103n Ki\u00eang Y\u1ebfn M\u1ea1ch Fine Sunrise h\u1ed9p 178gr"},"content":{"rendered":"","protected":false},"excerpt":{"rendered":"","protected":false},"featured_media":0,"comment_status":"open","ping_status":"closed","template":"","meta":[],"product_cat":[338],"product_tag":[],"_links":{"self":[{"href":"https:\/\/demo8.thuythu.com\/fdmart\/wp-json\/wp\/v2\/product\/24004"}],"collection":[{"href":"https:\/\/demo8.thuythu.com\/fdmart\/wp-json\/wp\/v2\/product"}],"about":[{"href":"https:\/\/demo8.thuythu.com\/fdmart\/wp-json\/wp\/v2\/types\/product"}],"replies":[{"embeddable":true,"href":"https:\/\/demo8.thuythu.com\/fdmart\/wp-json\/wp\/v2\/comments?post=24004"}],"wp:attachment":[{"href":"https:\/\/demo8.thuythu.com\/fdmart\/wp-json\/wp\/v2\/media?parent=24004"}],"wp:term":[{"taxonomy":"product_cat","embeddable":true,"href":"https:\/\/demo8.thuythu.com\/fdmart\/wp-json\/wp\/v2\/product_cat?post=24004"},{"taxonomy":"product_tag","embeddable":true,"href":"https:\/\/demo8.thuythu.com\/fdmart\/wp-json\/wp\/v2\/product_tag?post=24004"}],"curies":[{"name":"wp","href":"https:\/\/api.w.org\/{rel}","templated":true}]}}