{"id":24006,"date":"2022-09-29T22:27:58","date_gmt":"2022-09-29T15:27:58","guid":{"rendered":"https:\/\/demo8.thuythu.com\/fdmart\/san-pham\/banh-an-kieng-yen-mach-hat-bi-sunrise-178gr\/"},"modified":"2022-09-29T22:27:58","modified_gmt":"2022-09-29T15:27:58","slug":"banh-an-kieng-yen-mach-hat-bi-sunrise-178gr","status":"publish","type":"product","link":"https:\/\/demo8.thuythu.com\/fdmart\/san-pham\/banh-an-kieng-yen-mach-hat-bi-sunrise-178gr\/","title":{"rendered":"B\u00e1nh \u0103n Ki\u00eang Y\u1ebfn M\u1ea1ch H\u1ea1t B\u00ed Sunrise 178gr"},"content":{"rendered":"","protected":false},"excerpt":{"rendered":"","protected":false},"featured_media":0,"comment_status":"open","ping_status":"closed","template":"","meta":[],"product_cat":[338],"product_tag":[],"_links":{"self":[{"href":"https:\/\/demo8.thuythu.com\/fdmart\/wp-json\/wp\/v2\/product\/24006"}],"collection":[{"href":"https:\/\/demo8.thuythu.com\/fdmart\/wp-json\/wp\/v2\/product"}],"about":[{"href":"https:\/\/demo8.thuythu.com\/fdmart\/wp-json\/wp\/v2\/types\/product"}],"replies":[{"embeddable":true,"href":"https:\/\/demo8.thuythu.com\/fdmart\/wp-json\/wp\/v2\/comments?post=24006"}],"wp:attachment":[{"href":"https:\/\/demo8.thuythu.com\/fdmart\/wp-json\/wp\/v2\/media?parent=24006"}],"wp:term":[{"taxonomy":"product_cat","embeddable":true,"href":"https:\/\/demo8.thuythu.com\/fdmart\/wp-json\/wp\/v2\/product_cat?post=24006"},{"taxonomy":"product_tag","embeddable":true,"href":"https:\/\/demo8.thuythu.com\/fdmart\/wp-json\/wp\/v2\/product_tag?post=24006"}],"curies":[{"name":"wp","href":"https:\/\/api.w.org\/{rel}","templated":true}]}}