{"id":24083,"date":"2022-09-29T22:29:11","date_gmt":"2022-09-29T15:29:11","guid":{"rendered":"https:\/\/demo8.thuythu.com\/fdmart\/san-pham\/banh-bong-lan-chocolate\/"},"modified":"2022-10-18T17:59:09","modified_gmt":"2022-10-18T10:59:09","slug":"banh-bong-lan-chocolate","status":"publish","type":"product","link":"https:\/\/demo8.thuythu.com\/fdmart\/san-pham\/banh-bong-lan-chocolate\/","title":{"rendered":"B\u00e1nh B\u00f4ng Lan Chocolate (C\u00e1i)"},"content":{"rendered":"","protected":false},"excerpt":{"rendered":"","protected":false},"featured_media":24082,"comment_status":"open","ping_status":"closed","template":"","meta":[],"product_cat":[544],"product_tag":[],"_links":{"self":[{"href":"https:\/\/demo8.thuythu.com\/fdmart\/wp-json\/wp\/v2\/product\/24083"}],"collection":[{"href":"https:\/\/demo8.thuythu.com\/fdmart\/wp-json\/wp\/v2\/product"}],"about":[{"href":"https:\/\/demo8.thuythu.com\/fdmart\/wp-json\/wp\/v2\/types\/product"}],"replies":[{"embeddable":true,"href":"https:\/\/demo8.thuythu.com\/fdmart\/wp-json\/wp\/v2\/comments?post=24083"}],"wp:featuredmedia":[{"embeddable":true,"href":"https:\/\/demo8.thuythu.com\/fdmart\/wp-json\/wp\/v2\/media\/24082"}],"wp:attachment":[{"href":"https:\/\/demo8.thuythu.com\/fdmart\/wp-json\/wp\/v2\/media?parent=24083"}],"wp:term":[{"taxonomy":"product_cat","embeddable":true,"href":"https:\/\/demo8.thuythu.com\/fdmart\/wp-json\/wp\/v2\/product_cat?post=24083"},{"taxonomy":"product_tag","embeddable":true,"href":"https:\/\/demo8.thuythu.com\/fdmart\/wp-json\/wp\/v2\/product_tag?post=24083"}],"curies":[{"name":"wp","href":"https:\/\/api.w.org\/{rel}","templated":true}]}}