{"id":24116,"date":"2022-09-29T22:29:38","date_gmt":"2022-09-29T15:29:38","guid":{"rendered":"https:\/\/demo8.thuythu.com\/fdmart\/san-pham\/banh-bong-lan-lester-phap-nho-250g\/"},"modified":"2022-09-29T22:29:38","modified_gmt":"2022-09-29T15:29:38","slug":"banh-bong-lan-lester-phap-nho-250g","status":"publish","type":"product","link":"https:\/\/demo8.thuythu.com\/fdmart\/san-pham\/banh-bong-lan-lester-phap-nho-250g\/","title":{"rendered":"B\u00e1nh B\u00f4ng Lan Lester Ph\u00e1p Nho 250g"},"content":{"rendered":"","protected":false},"excerpt":{"rendered":"","protected":false},"featured_media":24115,"comment_status":"open","ping_status":"closed","template":"","meta":[],"product_cat":[544],"product_tag":[],"_links":{"self":[{"href":"https:\/\/demo8.thuythu.com\/fdmart\/wp-json\/wp\/v2\/product\/24116"}],"collection":[{"href":"https:\/\/demo8.thuythu.com\/fdmart\/wp-json\/wp\/v2\/product"}],"about":[{"href":"https:\/\/demo8.thuythu.com\/fdmart\/wp-json\/wp\/v2\/types\/product"}],"replies":[{"embeddable":true,"href":"https:\/\/demo8.thuythu.com\/fdmart\/wp-json\/wp\/v2\/comments?post=24116"}],"wp:featuredmedia":[{"embeddable":true,"href":"https:\/\/demo8.thuythu.com\/fdmart\/wp-json\/wp\/v2\/media\/24115"}],"wp:attachment":[{"href":"https:\/\/demo8.thuythu.com\/fdmart\/wp-json\/wp\/v2\/media?parent=24116"}],"wp:term":[{"taxonomy":"product_cat","embeddable":true,"href":"https:\/\/demo8.thuythu.com\/fdmart\/wp-json\/wp\/v2\/product_cat?post=24116"},{"taxonomy":"product_tag","embeddable":true,"href":"https:\/\/demo8.thuythu.com\/fdmart\/wp-json\/wp\/v2\/product_tag?post=24116"}],"curies":[{"name":"wp","href":"https:\/\/api.w.org\/{rel}","templated":true}]}}