{"id":24191,"date":"2022-09-29T22:30:50","date_gmt":"2022-09-29T15:30:50","guid":{"rendered":"https:\/\/demo8.thuythu.com\/fdmart\/san-pham\/banh-com-ngu-coc-khong-chien-dau-bep-4-vi-320gr-2\/"},"modified":"2022-09-29T22:30:50","modified_gmt":"2022-09-29T15:30:50","slug":"banh-com-ngu-coc-khong-chien-dau-bep-4-vi-320gr-2","status":"publish","type":"product","link":"https:\/\/demo8.thuythu.com\/fdmart\/san-pham\/banh-com-ngu-coc-khong-chien-dau-bep-4-vi-320gr-2\/","title":{"rendered":"B\u00e1nh C\u1ed1m Ng\u0169 C\u1ed1c Kh\u00f4ng Chi\u00ean \u0110\u1ea7u B\u1ebfp 4 V\u1ecb 320gr"},"content":{"rendered":"","protected":false},"excerpt":{"rendered":"","protected":false},"featured_media":24190,"comment_status":"open","ping_status":"closed","template":"","meta":[],"product_cat":[337],"product_tag":[],"_links":{"self":[{"href":"https:\/\/demo8.thuythu.com\/fdmart\/wp-json\/wp\/v2\/product\/24191"}],"collection":[{"href":"https:\/\/demo8.thuythu.com\/fdmart\/wp-json\/wp\/v2\/product"}],"about":[{"href":"https:\/\/demo8.thuythu.com\/fdmart\/wp-json\/wp\/v2\/types\/product"}],"replies":[{"embeddable":true,"href":"https:\/\/demo8.thuythu.com\/fdmart\/wp-json\/wp\/v2\/comments?post=24191"}],"wp:featuredmedia":[{"embeddable":true,"href":"https:\/\/demo8.thuythu.com\/fdmart\/wp-json\/wp\/v2\/media\/24190"}],"wp:attachment":[{"href":"https:\/\/demo8.thuythu.com\/fdmart\/wp-json\/wp\/v2\/media?parent=24191"}],"wp:term":[{"taxonomy":"product_cat","embeddable":true,"href":"https:\/\/demo8.thuythu.com\/fdmart\/wp-json\/wp\/v2\/product_cat?post=24191"},{"taxonomy":"product_tag","embeddable":true,"href":"https:\/\/demo8.thuythu.com\/fdmart\/wp-json\/wp\/v2\/product_tag?post=24191"}],"curies":[{"name":"wp","href":"https:\/\/api.w.org\/{rel}","templated":true}]}}