{"id":24309,"date":"2022-09-29T22:32:37","date_gmt":"2022-09-29T15:32:37","guid":{"rendered":"https:\/\/demo8.thuythu.com\/fdmart\/san-pham\/banh-donut-doowee-phu-pho-mai-nhan-kem-pho-mai-300gr\/"},"modified":"2022-09-29T22:32:37","modified_gmt":"2022-09-29T15:32:37","slug":"banh-donut-doowee-phu-pho-mai-nhan-kem-pho-mai-300gr","status":"publish","type":"product","link":"https:\/\/demo8.thuythu.com\/fdmart\/san-pham\/banh-donut-doowee-phu-pho-mai-nhan-kem-pho-mai-300gr\/","title":{"rendered":"B\u00e1nh Donut Doowee Ph\u1ee7 Ph\u00f4 Mai, Nh\u00e2n Kem Ph\u00f4 Mai 300gr"},"content":{"rendered":"","protected":false},"excerpt":{"rendered":"","protected":false},"featured_media":24308,"comment_status":"open","ping_status":"closed","template":"","meta":[],"product_cat":[339],"product_tag":[],"_links":{"self":[{"href":"https:\/\/demo8.thuythu.com\/fdmart\/wp-json\/wp\/v2\/product\/24309"}],"collection":[{"href":"https:\/\/demo8.thuythu.com\/fdmart\/wp-json\/wp\/v2\/product"}],"about":[{"href":"https:\/\/demo8.thuythu.com\/fdmart\/wp-json\/wp\/v2\/types\/product"}],"replies":[{"embeddable":true,"href":"https:\/\/demo8.thuythu.com\/fdmart\/wp-json\/wp\/v2\/comments?post=24309"}],"wp:featuredmedia":[{"embeddable":true,"href":"https:\/\/demo8.thuythu.com\/fdmart\/wp-json\/wp\/v2\/media\/24308"}],"wp:attachment":[{"href":"https:\/\/demo8.thuythu.com\/fdmart\/wp-json\/wp\/v2\/media?parent=24309"}],"wp:term":[{"taxonomy":"product_cat","embeddable":true,"href":"https:\/\/demo8.thuythu.com\/fdmart\/wp-json\/wp\/v2\/product_cat?post=24309"},{"taxonomy":"product_tag","embeddable":true,"href":"https:\/\/demo8.thuythu.com\/fdmart\/wp-json\/wp\/v2\/product_tag?post=24309"}],"curies":[{"name":"wp","href":"https:\/\/api.w.org\/{rel}","templated":true}]}}