{"id":24521,"date":"2022-09-29T22:35:34","date_gmt":"2022-09-29T15:35:34","guid":{"rendered":"https:\/\/demo8.thuythu.com\/fdmart\/san-pham\/banh-in-nhan-dau-xanh-sau-rieng-dac-san-soc-trang\/"},"modified":"2022-09-29T22:35:34","modified_gmt":"2022-09-29T15:35:34","slug":"banh-in-nhan-dau-xanh-sau-rieng-dac-san-soc-trang","status":"publish","type":"product","link":"https:\/\/demo8.thuythu.com\/fdmart\/san-pham\/banh-in-nhan-dau-xanh-sau-rieng-dac-san-soc-trang\/","title":{"rendered":"B\u00e1nh in nh\u00e2n \u0111\u1eadu xanh s\u1ea7u ri\u00eang \u0111\u1eb7c s\u1ea3n S\u00f3c Tr\u0103ng"},"content":{"rendered":"","protected":false},"excerpt":{"rendered":"","protected":false},"featured_media":0,"comment_status":"open","ping_status":"closed","template":"","meta":[],"product_cat":[330],"product_tag":[],"_links":{"self":[{"href":"https:\/\/demo8.thuythu.com\/fdmart\/wp-json\/wp\/v2\/product\/24521"}],"collection":[{"href":"https:\/\/demo8.thuythu.com\/fdmart\/wp-json\/wp\/v2\/product"}],"about":[{"href":"https:\/\/demo8.thuythu.com\/fdmart\/wp-json\/wp\/v2\/types\/product"}],"replies":[{"embeddable":true,"href":"https:\/\/demo8.thuythu.com\/fdmart\/wp-json\/wp\/v2\/comments?post=24521"}],"wp:attachment":[{"href":"https:\/\/demo8.thuythu.com\/fdmart\/wp-json\/wp\/v2\/media?parent=24521"}],"wp:term":[{"taxonomy":"product_cat","embeddable":true,"href":"https:\/\/demo8.thuythu.com\/fdmart\/wp-json\/wp\/v2\/product_cat?post=24521"},{"taxonomy":"product_tag","embeddable":true,"href":"https:\/\/demo8.thuythu.com\/fdmart\/wp-json\/wp\/v2\/product_tag?post=24521"}],"curies":[{"name":"wp","href":"https:\/\/api.w.org\/{rel}","templated":true}]}}