{"id":24559,"date":"2022-09-29T22:36:11","date_gmt":"2022-09-29T15:36:11","guid":{"rendered":"https:\/\/demo8.thuythu.com\/fdmart\/san-pham\/banh-kinh-do-afc-dinh-duong-vi-rau-cai-100gr\/"},"modified":"2022-10-10T17:59:09","modified_gmt":"2022-10-10T10:59:09","slug":"banh-kinh-do-afc-dinh-duong-vi-rau-cai-100gr","status":"publish","type":"product","link":"https:\/\/demo8.thuythu.com\/fdmart\/san-pham\/banh-kinh-do-afc-dinh-duong-vi-rau-cai-100gr\/","title":{"rendered":"B\u00e1nh Kinh \u0110\u00f4 AFC Dinh D\u01b0\u1ee1ng V\u1ecb Rau C\u1ea3i 100gr"},"content":{"rendered":"","protected":false},"excerpt":{"rendered":"","protected":false},"featured_media":24558,"comment_status":"open","ping_status":"closed","template":"","meta":[],"product_cat":[330],"product_tag":[],"_links":{"self":[{"href":"https:\/\/demo8.thuythu.com\/fdmart\/wp-json\/wp\/v2\/product\/24559"}],"collection":[{"href":"https:\/\/demo8.thuythu.com\/fdmart\/wp-json\/wp\/v2\/product"}],"about":[{"href":"https:\/\/demo8.thuythu.com\/fdmart\/wp-json\/wp\/v2\/types\/product"}],"replies":[{"embeddable":true,"href":"https:\/\/demo8.thuythu.com\/fdmart\/wp-json\/wp\/v2\/comments?post=24559"}],"wp:featuredmedia":[{"embeddable":true,"href":"https:\/\/demo8.thuythu.com\/fdmart\/wp-json\/wp\/v2\/media\/24558"}],"wp:attachment":[{"href":"https:\/\/demo8.thuythu.com\/fdmart\/wp-json\/wp\/v2\/media?parent=24559"}],"wp:term":[{"taxonomy":"product_cat","embeddable":true,"href":"https:\/\/demo8.thuythu.com\/fdmart\/wp-json\/wp\/v2\/product_cat?post=24559"},{"taxonomy":"product_tag","embeddable":true,"href":"https:\/\/demo8.thuythu.com\/fdmart\/wp-json\/wp\/v2\/product_tag?post=24559"}],"curies":[{"name":"wp","href":"https:\/\/api.w.org\/{rel}","templated":true}]}}