{"id":24660,"date":"2022-09-29T22:37:46","date_gmt":"2022-09-29T15:37:46","guid":{"rendered":"https:\/\/demo8.thuythu.com\/fdmart\/san-pham\/banh-mochi-dai-loan-tong-hop-yuki-love-taiwan-900gr\/"},"modified":"2022-09-29T22:37:46","modified_gmt":"2022-09-29T15:37:46","slug":"banh-mochi-dai-loan-tong-hop-yuki-love-taiwan-900gr","status":"publish","type":"product","link":"https:\/\/demo8.thuythu.com\/fdmart\/san-pham\/banh-mochi-dai-loan-tong-hop-yuki-love-taiwan-900gr\/","title":{"rendered":"B\u00e1nh Mochi \u0110\u00e0i Loan T\u1ed5ng H\u1ee3p Yuki &#038; Love Taiwan 900gr"},"content":{"rendered":"","protected":false},"excerpt":{"rendered":"","protected":false},"featured_media":24659,"comment_status":"open","ping_status":"closed","template":"","meta":[],"product_cat":[506],"product_tag":[],"_links":{"self":[{"href":"https:\/\/demo8.thuythu.com\/fdmart\/wp-json\/wp\/v2\/product\/24660"}],"collection":[{"href":"https:\/\/demo8.thuythu.com\/fdmart\/wp-json\/wp\/v2\/product"}],"about":[{"href":"https:\/\/demo8.thuythu.com\/fdmart\/wp-json\/wp\/v2\/types\/product"}],"replies":[{"embeddable":true,"href":"https:\/\/demo8.thuythu.com\/fdmart\/wp-json\/wp\/v2\/comments?post=24660"}],"wp:featuredmedia":[{"embeddable":true,"href":"https:\/\/demo8.thuythu.com\/fdmart\/wp-json\/wp\/v2\/media\/24659"}],"wp:attachment":[{"href":"https:\/\/demo8.thuythu.com\/fdmart\/wp-json\/wp\/v2\/media?parent=24660"}],"wp:term":[{"taxonomy":"product_cat","embeddable":true,"href":"https:\/\/demo8.thuythu.com\/fdmart\/wp-json\/wp\/v2\/product_cat?post=24660"},{"taxonomy":"product_tag","embeddable":true,"href":"https:\/\/demo8.thuythu.com\/fdmart\/wp-json\/wp\/v2\/product_tag?post=24660"}],"curies":[{"name":"wp","href":"https:\/\/api.w.org\/{rel}","templated":true}]}}