{"id":24798,"date":"2022-09-29T22:39:54","date_gmt":"2022-09-29T15:39:54","guid":{"rendered":"https:\/\/demo8.thuythu.com\/fdmart\/san-pham\/banh-pia-chay-tan-hue-vien-dau-sau-rieng-400gr\/"},"modified":"2022-10-18T12:59:07","modified_gmt":"2022-10-18T05:59:07","slug":"banh-pia-chay-tan-hue-vien-dau-sau-rieng-400gr","status":"publish","type":"product","link":"https:\/\/demo8.thuythu.com\/fdmart\/san-pham\/banh-pia-chay-tan-hue-vien-dau-sau-rieng-400gr\/","title":{"rendered":"B\u00e1nh P\u00eda Chay T\u00e2n Hu\u00ea Vi\u00ean \u0110\u1eadu S\u1ea7u Ri\u00eang 400gr"},"content":{"rendered":"","protected":false},"excerpt":{"rendered":"","protected":false},"featured_media":24797,"comment_status":"open","ping_status":"closed","template":"","meta":[],"product_cat":[331],"product_tag":[],"_links":{"self":[{"href":"https:\/\/demo8.thuythu.com\/fdmart\/wp-json\/wp\/v2\/product\/24798"}],"collection":[{"href":"https:\/\/demo8.thuythu.com\/fdmart\/wp-json\/wp\/v2\/product"}],"about":[{"href":"https:\/\/demo8.thuythu.com\/fdmart\/wp-json\/wp\/v2\/types\/product"}],"replies":[{"embeddable":true,"href":"https:\/\/demo8.thuythu.com\/fdmart\/wp-json\/wp\/v2\/comments?post=24798"}],"wp:featuredmedia":[{"embeddable":true,"href":"https:\/\/demo8.thuythu.com\/fdmart\/wp-json\/wp\/v2\/media\/24797"}],"wp:attachment":[{"href":"https:\/\/demo8.thuythu.com\/fdmart\/wp-json\/wp\/v2\/media?parent=24798"}],"wp:term":[{"taxonomy":"product_cat","embeddable":true,"href":"https:\/\/demo8.thuythu.com\/fdmart\/wp-json\/wp\/v2\/product_cat?post=24798"},{"taxonomy":"product_tag","embeddable":true,"href":"https:\/\/demo8.thuythu.com\/fdmart\/wp-json\/wp\/v2\/product_tag?post=24798"}],"curies":[{"name":"wp","href":"https:\/\/api.w.org\/{rel}","templated":true}]}}