{"id":24800,"date":"2022-09-29T22:39:56","date_gmt":"2022-09-29T15:39:56","guid":{"rendered":"https:\/\/demo8.thuythu.com\/fdmart\/san-pham\/banh-pia-dai-nhan-mochi-dau-do-khoai-mon-trung-muoi-tui-310gr\/"},"modified":"2022-09-29T22:39:56","modified_gmt":"2022-09-29T15:39:56","slug":"banh-pia-dai-nhan-mochi-dau-do-khoai-mon-trung-muoi-tui-310gr","status":"publish","type":"product","link":"https:\/\/demo8.thuythu.com\/fdmart\/san-pham\/banh-pia-dai-nhan-mochi-dau-do-khoai-mon-trung-muoi-tui-310gr\/","title":{"rendered":"B\u00e1nh P\u00eda D\u00e0i Nh\u00e2n Mochi \u0110\u1eadu \u0110\u1ecf, Khoai M\u00f4n &#038; Tr\u1ee9ng Mu\u1ed1i T\u00fai 310gr"},"content":{"rendered":"","protected":false},"excerpt":{"rendered":"","protected":false},"featured_media":24799,"comment_status":"open","ping_status":"closed","template":"","meta":[],"product_cat":[331],"product_tag":[],"_links":{"self":[{"href":"https:\/\/demo8.thuythu.com\/fdmart\/wp-json\/wp\/v2\/product\/24800"}],"collection":[{"href":"https:\/\/demo8.thuythu.com\/fdmart\/wp-json\/wp\/v2\/product"}],"about":[{"href":"https:\/\/demo8.thuythu.com\/fdmart\/wp-json\/wp\/v2\/types\/product"}],"replies":[{"embeddable":true,"href":"https:\/\/demo8.thuythu.com\/fdmart\/wp-json\/wp\/v2\/comments?post=24800"}],"wp:featuredmedia":[{"embeddable":true,"href":"https:\/\/demo8.thuythu.com\/fdmart\/wp-json\/wp\/v2\/media\/24799"}],"wp:attachment":[{"href":"https:\/\/demo8.thuythu.com\/fdmart\/wp-json\/wp\/v2\/media?parent=24800"}],"wp:term":[{"taxonomy":"product_cat","embeddable":true,"href":"https:\/\/demo8.thuythu.com\/fdmart\/wp-json\/wp\/v2\/product_cat?post=24800"},{"taxonomy":"product_tag","embeddable":true,"href":"https:\/\/demo8.thuythu.com\/fdmart\/wp-json\/wp\/v2\/product_tag?post=24800"}],"curies":[{"name":"wp","href":"https:\/\/api.w.org\/{rel}","templated":true}]}}