{"id":24804,"date":"2022-09-29T22:39:59","date_gmt":"2022-09-29T15:39:59","guid":{"rendered":"https:\/\/demo8.thuythu.com\/fdmart\/san-pham\/banh-pia-dau-xanh-sau-rieng-4-sao-tan-hue-vien-540gr\/"},"modified":"2022-10-14T10:59:12","modified_gmt":"2022-10-14T03:59:12","slug":"banh-pia-dau-xanh-sau-rieng-4-sao-tan-hue-vien-540gr","status":"publish","type":"product","link":"https:\/\/demo8.thuythu.com\/fdmart\/san-pham\/banh-pia-dau-xanh-sau-rieng-4-sao-tan-hue-vien-540gr\/","title":{"rendered":"B\u00e1nh P\u00eda \u0110\u1eadu Xanh S\u1ea7u Ri\u00eang 4 Sao T\u00e2n Hu\u00ea Vi\u00ean 540gr"},"content":{"rendered":"","protected":false},"excerpt":{"rendered":"","protected":false},"featured_media":24803,"comment_status":"open","ping_status":"closed","template":"","meta":[],"product_cat":[331],"product_tag":[],"_links":{"self":[{"href":"https:\/\/demo8.thuythu.com\/fdmart\/wp-json\/wp\/v2\/product\/24804"}],"collection":[{"href":"https:\/\/demo8.thuythu.com\/fdmart\/wp-json\/wp\/v2\/product"}],"about":[{"href":"https:\/\/demo8.thuythu.com\/fdmart\/wp-json\/wp\/v2\/types\/product"}],"replies":[{"embeddable":true,"href":"https:\/\/demo8.thuythu.com\/fdmart\/wp-json\/wp\/v2\/comments?post=24804"}],"wp:featuredmedia":[{"embeddable":true,"href":"https:\/\/demo8.thuythu.com\/fdmart\/wp-json\/wp\/v2\/media\/24803"}],"wp:attachment":[{"href":"https:\/\/demo8.thuythu.com\/fdmart\/wp-json\/wp\/v2\/media?parent=24804"}],"wp:term":[{"taxonomy":"product_cat","embeddable":true,"href":"https:\/\/demo8.thuythu.com\/fdmart\/wp-json\/wp\/v2\/product_cat?post=24804"},{"taxonomy":"product_tag","embeddable":true,"href":"https:\/\/demo8.thuythu.com\/fdmart\/wp-json\/wp\/v2\/product_tag?post=24804"}],"curies":[{"name":"wp","href":"https:\/\/api.w.org\/{rel}","templated":true}]}}