{"id":25174,"date":"2022-09-29T22:45:42","date_gmt":"2022-09-29T15:45:42","guid":{"rendered":"https:\/\/demo8.thuythu.com\/fdmart\/san-pham\/banh-snack-akiko-nhan-ca-phe-moka-160gr\/"},"modified":"2022-09-29T22:45:42","modified_gmt":"2022-09-29T15:45:42","slug":"banh-snack-akiko-nhan-ca-phe-moka-160gr","status":"publish","type":"product","link":"https:\/\/demo8.thuythu.com\/fdmart\/san-pham\/banh-snack-akiko-nhan-ca-phe-moka-160gr\/","title":{"rendered":"B\u00e1nh Snack Akiko Nh\u00e2n C\u00e0-Ph\u00ea Moka 160gr"},"content":{"rendered":"","protected":false},"excerpt":{"rendered":"","protected":false},"featured_media":25173,"comment_status":"open","ping_status":"closed","template":"","meta":[],"product_cat":[333],"product_tag":[],"_links":{"self":[{"href":"https:\/\/demo8.thuythu.com\/fdmart\/wp-json\/wp\/v2\/product\/25174"}],"collection":[{"href":"https:\/\/demo8.thuythu.com\/fdmart\/wp-json\/wp\/v2\/product"}],"about":[{"href":"https:\/\/demo8.thuythu.com\/fdmart\/wp-json\/wp\/v2\/types\/product"}],"replies":[{"embeddable":true,"href":"https:\/\/demo8.thuythu.com\/fdmart\/wp-json\/wp\/v2\/comments?post=25174"}],"wp:featuredmedia":[{"embeddable":true,"href":"https:\/\/demo8.thuythu.com\/fdmart\/wp-json\/wp\/v2\/media\/25173"}],"wp:attachment":[{"href":"https:\/\/demo8.thuythu.com\/fdmart\/wp-json\/wp\/v2\/media?parent=25174"}],"wp:term":[{"taxonomy":"product_cat","embeddable":true,"href":"https:\/\/demo8.thuythu.com\/fdmart\/wp-json\/wp\/v2\/product_cat?post=25174"},{"taxonomy":"product_tag","embeddable":true,"href":"https:\/\/demo8.thuythu.com\/fdmart\/wp-json\/wp\/v2\/product_tag?post=25174"}],"curies":[{"name":"wp","href":"https:\/\/api.w.org\/{rel}","templated":true}]}}