{"id":25860,"date":"2022-09-29T22:56:35","date_gmt":"2022-09-29T15:56:35","guid":{"rendered":"https:\/\/demo8.thuythu.com\/fdmart\/san-pham\/bo-thau-ro-doi-hinh-chu-nhat\/"},"modified":"2022-09-29T22:56:35","modified_gmt":"2022-09-29T15:56:35","slug":"bo-thau-ro-doi-hinh-chu-nhat","status":"publish","type":"product","link":"https:\/\/demo8.thuythu.com\/fdmart\/san-pham\/bo-thau-ro-doi-hinh-chu-nhat\/","title":{"rendered":"B\u1ed9 Thau r\u1ed5 \u0110\u00f4i H\u00ecnh Ch\u1eef Nh\u1eadt"},"content":{"rendered":"","protected":false},"excerpt":{"rendered":"","protected":false},"featured_media":25859,"comment_status":"open","ping_status":"closed","template":"","meta":[],"product_cat":[391],"product_tag":[],"_links":{"self":[{"href":"https:\/\/demo8.thuythu.com\/fdmart\/wp-json\/wp\/v2\/product\/25860"}],"collection":[{"href":"https:\/\/demo8.thuythu.com\/fdmart\/wp-json\/wp\/v2\/product"}],"about":[{"href":"https:\/\/demo8.thuythu.com\/fdmart\/wp-json\/wp\/v2\/types\/product"}],"replies":[{"embeddable":true,"href":"https:\/\/demo8.thuythu.com\/fdmart\/wp-json\/wp\/v2\/comments?post=25860"}],"wp:featuredmedia":[{"embeddable":true,"href":"https:\/\/demo8.thuythu.com\/fdmart\/wp-json\/wp\/v2\/media\/25859"}],"wp:attachment":[{"href":"https:\/\/demo8.thuythu.com\/fdmart\/wp-json\/wp\/v2\/media?parent=25860"}],"wp:term":[{"taxonomy":"product_cat","embeddable":true,"href":"https:\/\/demo8.thuythu.com\/fdmart\/wp-json\/wp\/v2\/product_cat?post=25860"},{"taxonomy":"product_tag","embeddable":true,"href":"https:\/\/demo8.thuythu.com\/fdmart\/wp-json\/wp\/v2\/product_tag?post=25860"}],"curies":[{"name":"wp","href":"https:\/\/api.w.org\/{rel}","templated":true}]}}