{"id":26473,"date":"2022-09-29T23:05:42","date_gmt":"2022-09-29T16:05:42","guid":{"rendered":"https:\/\/demo8.thuythu.com\/fdmart\/san-pham\/ca-phe-g7-3in1-50-goi\/"},"modified":"2022-10-14T10:59:07","modified_gmt":"2022-10-14T03:59:07","slug":"ca-phe-g7-3in1-50-goi","status":"publish","type":"product","link":"https:\/\/demo8.thuythu.com\/fdmart\/san-pham\/ca-phe-g7-3in1-50-goi\/","title":{"rendered":"C\u00e0 ph\u00ea G7 3in1 &#8211; 50 g\u00f3i"},"content":{"rendered":"","protected":false},"excerpt":{"rendered":"","protected":false},"featured_media":26471,"comment_status":"open","ping_status":"closed","template":"","meta":[],"product_cat":[412],"product_tag":[],"_links":{"self":[{"href":"https:\/\/demo8.thuythu.com\/fdmart\/wp-json\/wp\/v2\/product\/26473"}],"collection":[{"href":"https:\/\/demo8.thuythu.com\/fdmart\/wp-json\/wp\/v2\/product"}],"about":[{"href":"https:\/\/demo8.thuythu.com\/fdmart\/wp-json\/wp\/v2\/types\/product"}],"replies":[{"embeddable":true,"href":"https:\/\/demo8.thuythu.com\/fdmart\/wp-json\/wp\/v2\/comments?post=26473"}],"wp:featuredmedia":[{"embeddable":true,"href":"https:\/\/demo8.thuythu.com\/fdmart\/wp-json\/wp\/v2\/media\/26471"}],"wp:attachment":[{"href":"https:\/\/demo8.thuythu.com\/fdmart\/wp-json\/wp\/v2\/media?parent=26473"}],"wp:term":[{"taxonomy":"product_cat","embeddable":true,"href":"https:\/\/demo8.thuythu.com\/fdmart\/wp-json\/wp\/v2\/product_cat?post=26473"},{"taxonomy":"product_tag","embeddable":true,"href":"https:\/\/demo8.thuythu.com\/fdmart\/wp-json\/wp\/v2\/product_tag?post=26473"}],"curies":[{"name":"wp","href":"https:\/\/api.w.org\/{rel}","templated":true}]}}