{"id":26481,"date":"2022-09-29T23:05:50","date_gmt":"2022-09-29T16:05:50","guid":{"rendered":"https:\/\/demo8.thuythu.com\/fdmart\/san-pham\/ca-phe-hoa-tan-nescafe-gold-blend-100gr\/"},"modified":"2022-09-29T23:05:50","modified_gmt":"2022-09-29T16:05:50","slug":"ca-phe-hoa-tan-nescafe-gold-blend-100gr","status":"publish","type":"product","link":"https:\/\/demo8.thuythu.com\/fdmart\/san-pham\/ca-phe-hoa-tan-nescafe-gold-blend-100gr\/","title":{"rendered":"C\u00e0 Ph\u00ea H\u00f2a Tan Nescaf\u00e9 Gold Blend 100gr"},"content":{"rendered":"","protected":false},"excerpt":{"rendered":"","protected":false},"featured_media":26480,"comment_status":"open","ping_status":"closed","template":"","meta":[],"product_cat":[412],"product_tag":[],"_links":{"self":[{"href":"https:\/\/demo8.thuythu.com\/fdmart\/wp-json\/wp\/v2\/product\/26481"}],"collection":[{"href":"https:\/\/demo8.thuythu.com\/fdmart\/wp-json\/wp\/v2\/product"}],"about":[{"href":"https:\/\/demo8.thuythu.com\/fdmart\/wp-json\/wp\/v2\/types\/product"}],"replies":[{"embeddable":true,"href":"https:\/\/demo8.thuythu.com\/fdmart\/wp-json\/wp\/v2\/comments?post=26481"}],"wp:featuredmedia":[{"embeddable":true,"href":"https:\/\/demo8.thuythu.com\/fdmart\/wp-json\/wp\/v2\/media\/26480"}],"wp:attachment":[{"href":"https:\/\/demo8.thuythu.com\/fdmart\/wp-json\/wp\/v2\/media?parent=26481"}],"wp:term":[{"taxonomy":"product_cat","embeddable":true,"href":"https:\/\/demo8.thuythu.com\/fdmart\/wp-json\/wp\/v2\/product_cat?post=26481"},{"taxonomy":"product_tag","embeddable":true,"href":"https:\/\/demo8.thuythu.com\/fdmart\/wp-json\/wp\/v2\/product_tag?post=26481"}],"curies":[{"name":"wp","href":"https:\/\/api.w.org\/{rel}","templated":true}]}}