{"id":26493,"date":"2022-09-29T23:05:59","date_gmt":"2022-09-29T16:05:59","guid":{"rendered":"https:\/\/demo8.thuythu.com\/fdmart\/san-pham\/ca-phe-nescafe-den-da-hoa-tan-560gr\/"},"modified":"2022-09-29T23:05:59","modified_gmt":"2022-09-29T16:05:59","slug":"ca-phe-nescafe-den-da-hoa-tan-560gr","status":"publish","type":"product","link":"https:\/\/demo8.thuythu.com\/fdmart\/san-pham\/ca-phe-nescafe-den-da-hoa-tan-560gr\/","title":{"rendered":"C\u00e0 ph\u00ea Nescafe \u0110en \u0110\u00e1 H\u00f2a Tan 560gr"},"content":{"rendered":"","protected":false},"excerpt":{"rendered":"","protected":false},"featured_media":26492,"comment_status":"open","ping_status":"closed","template":"","meta":[],"product_cat":[412],"product_tag":[],"_links":{"self":[{"href":"https:\/\/demo8.thuythu.com\/fdmart\/wp-json\/wp\/v2\/product\/26493"}],"collection":[{"href":"https:\/\/demo8.thuythu.com\/fdmart\/wp-json\/wp\/v2\/product"}],"about":[{"href":"https:\/\/demo8.thuythu.com\/fdmart\/wp-json\/wp\/v2\/types\/product"}],"replies":[{"embeddable":true,"href":"https:\/\/demo8.thuythu.com\/fdmart\/wp-json\/wp\/v2\/comments?post=26493"}],"wp:featuredmedia":[{"embeddable":true,"href":"https:\/\/demo8.thuythu.com\/fdmart\/wp-json\/wp\/v2\/media\/26492"}],"wp:attachment":[{"href":"https:\/\/demo8.thuythu.com\/fdmart\/wp-json\/wp\/v2\/media?parent=26493"}],"wp:term":[{"taxonomy":"product_cat","embeddable":true,"href":"https:\/\/demo8.thuythu.com\/fdmart\/wp-json\/wp\/v2\/product_cat?post=26493"},{"taxonomy":"product_tag","embeddable":true,"href":"https:\/\/demo8.thuythu.com\/fdmart\/wp-json\/wp\/v2\/product_tag?post=26493"}],"curies":[{"name":"wp","href":"https:\/\/api.w.org\/{rel}","templated":true}]}}