{"id":26497,"date":"2022-09-29T23:06:02","date_gmt":"2022-09-29T16:06:02","guid":{"rendered":"https:\/\/demo8.thuythu.com\/fdmart\/san-pham\/ca-phe-oldtown-white-it-duong-less-sugar-525gr\/"},"modified":"2022-09-29T23:06:02","modified_gmt":"2022-09-29T16:06:02","slug":"ca-phe-oldtown-white-it-duong-less-sugar-525gr","status":"publish","type":"product","link":"https:\/\/demo8.thuythu.com\/fdmart\/san-pham\/ca-phe-oldtown-white-it-duong-less-sugar-525gr\/","title":{"rendered":"C\u00e0 Ph\u00ea Oldtown White \u00edt \u0110\u01b0\u1eddng Less Sugar 525gr"},"content":{"rendered":"","protected":false},"excerpt":{"rendered":"","protected":false},"featured_media":26496,"comment_status":"open","ping_status":"closed","template":"","meta":[],"product_cat":[412],"product_tag":[],"_links":{"self":[{"href":"https:\/\/demo8.thuythu.com\/fdmart\/wp-json\/wp\/v2\/product\/26497"}],"collection":[{"href":"https:\/\/demo8.thuythu.com\/fdmart\/wp-json\/wp\/v2\/product"}],"about":[{"href":"https:\/\/demo8.thuythu.com\/fdmart\/wp-json\/wp\/v2\/types\/product"}],"replies":[{"embeddable":true,"href":"https:\/\/demo8.thuythu.com\/fdmart\/wp-json\/wp\/v2\/comments?post=26497"}],"wp:featuredmedia":[{"embeddable":true,"href":"https:\/\/demo8.thuythu.com\/fdmart\/wp-json\/wp\/v2\/media\/26496"}],"wp:attachment":[{"href":"https:\/\/demo8.thuythu.com\/fdmart\/wp-json\/wp\/v2\/media?parent=26497"}],"wp:term":[{"taxonomy":"product_cat","embeddable":true,"href":"https:\/\/demo8.thuythu.com\/fdmart\/wp-json\/wp\/v2\/product_cat?post=26497"},{"taxonomy":"product_tag","embeddable":true,"href":"https:\/\/demo8.thuythu.com\/fdmart\/wp-json\/wp\/v2\/product_tag?post=26497"}],"curies":[{"name":"wp","href":"https:\/\/api.w.org\/{rel}","templated":true}]}}