{"id":26514,"date":"2022-09-29T23:06:16","date_gmt":"2022-09-29T16:06:16","guid":{"rendered":"https:\/\/demo8.thuythu.com\/fdmart\/san-pham\/ca-vien-hanh-ot-sau-5-vien-bich\/"},"modified":"2022-09-29T23:06:17","modified_gmt":"2022-09-29T16:06:17","slug":"ca-vien-hanh-ot-sau-5-vien-bich","status":"publish","type":"product","link":"https:\/\/demo8.thuythu.com\/fdmart\/san-pham\/ca-vien-hanh-ot-sau-5-vien-bich\/","title":{"rendered":"C\u00e1 Vi\u00ean H\u00e0nh \u1edbt (S\u00e2u 5 Vi\u00ean) (B\u1ecbch)"},"content":{"rendered":"","protected":false},"excerpt":{"rendered":"","protected":false},"featured_media":0,"comment_status":"open","ping_status":"closed","template":"","meta":[],"product_cat":[397],"product_tag":[],"_links":{"self":[{"href":"https:\/\/demo8.thuythu.com\/fdmart\/wp-json\/wp\/v2\/product\/26514"}],"collection":[{"href":"https:\/\/demo8.thuythu.com\/fdmart\/wp-json\/wp\/v2\/product"}],"about":[{"href":"https:\/\/demo8.thuythu.com\/fdmart\/wp-json\/wp\/v2\/types\/product"}],"replies":[{"embeddable":true,"href":"https:\/\/demo8.thuythu.com\/fdmart\/wp-json\/wp\/v2\/comments?post=26514"}],"wp:attachment":[{"href":"https:\/\/demo8.thuythu.com\/fdmart\/wp-json\/wp\/v2\/media?parent=26514"}],"wp:term":[{"taxonomy":"product_cat","embeddable":true,"href":"https:\/\/demo8.thuythu.com\/fdmart\/wp-json\/wp\/v2\/product_cat?post=26514"},{"taxonomy":"product_tag","embeddable":true,"href":"https:\/\/demo8.thuythu.com\/fdmart\/wp-json\/wp\/v2\/product_tag?post=26514"}],"curies":[{"name":"wp","href":"https:\/\/api.w.org\/{rel}","templated":true}]}}