{"id":26797,"date":"2022-09-29T23:10:35","date_gmt":"2022-09-29T16:10:35","guid":{"rendered":"https:\/\/demo8.thuythu.com\/fdmart\/san-pham\/com-chay-cha-bong-nuts-talk-500g\/"},"modified":"2022-09-29T23:10:35","modified_gmt":"2022-09-29T16:10:35","slug":"com-chay-cha-bong-nuts-talk-500g","status":"publish","type":"product","link":"https:\/\/demo8.thuythu.com\/fdmart\/san-pham\/com-chay-cha-bong-nuts-talk-500g\/","title":{"rendered":"C\u01a1m Ch\u00e1y Ch\u00e0 B\u00f4ng NUTS TALK 500G"},"content":{"rendered":"","protected":false},"excerpt":{"rendered":"","protected":false},"featured_media":26796,"comment_status":"open","ping_status":"closed","template":"","meta":[],"product_cat":[502],"product_tag":[],"_links":{"self":[{"href":"https:\/\/demo8.thuythu.com\/fdmart\/wp-json\/wp\/v2\/product\/26797"}],"collection":[{"href":"https:\/\/demo8.thuythu.com\/fdmart\/wp-json\/wp\/v2\/product"}],"about":[{"href":"https:\/\/demo8.thuythu.com\/fdmart\/wp-json\/wp\/v2\/types\/product"}],"replies":[{"embeddable":true,"href":"https:\/\/demo8.thuythu.com\/fdmart\/wp-json\/wp\/v2\/comments?post=26797"}],"wp:featuredmedia":[{"embeddable":true,"href":"https:\/\/demo8.thuythu.com\/fdmart\/wp-json\/wp\/v2\/media\/26796"}],"wp:attachment":[{"href":"https:\/\/demo8.thuythu.com\/fdmart\/wp-json\/wp\/v2\/media?parent=26797"}],"wp:term":[{"taxonomy":"product_cat","embeddable":true,"href":"https:\/\/demo8.thuythu.com\/fdmart\/wp-json\/wp\/v2\/product_cat?post=26797"},{"taxonomy":"product_tag","embeddable":true,"href":"https:\/\/demo8.thuythu.com\/fdmart\/wp-json\/wp\/v2\/product_tag?post=26797"}],"curies":[{"name":"wp","href":"https:\/\/api.w.org\/{rel}","templated":true}]}}