{"id":26806,"date":"2022-09-29T23:10:43","date_gmt":"2022-09-29T16:10:43","guid":{"rendered":"https:\/\/demo8.thuythu.com\/fdmart\/san-pham\/com-chay-sieu-cha-bong-nutstalk-500gram\/"},"modified":"2022-09-29T23:10:43","modified_gmt":"2022-09-29T16:10:43","slug":"com-chay-sieu-cha-bong-nutstalk-500gram","status":"publish","type":"product","link":"https:\/\/demo8.thuythu.com\/fdmart\/san-pham\/com-chay-sieu-cha-bong-nutstalk-500gram\/","title":{"rendered":"C\u01a1m ch\u00e1y si\u00eau ch\u00e0 b\u00f4ng Nutstalk 500gram"},"content":{"rendered":"","protected":false},"excerpt":{"rendered":"","protected":false},"featured_media":26804,"comment_status":"open","ping_status":"closed","template":"","meta":[],"product_cat":[500],"product_tag":[],"_links":{"self":[{"href":"https:\/\/demo8.thuythu.com\/fdmart\/wp-json\/wp\/v2\/product\/26806"}],"collection":[{"href":"https:\/\/demo8.thuythu.com\/fdmart\/wp-json\/wp\/v2\/product"}],"about":[{"href":"https:\/\/demo8.thuythu.com\/fdmart\/wp-json\/wp\/v2\/types\/product"}],"replies":[{"embeddable":true,"href":"https:\/\/demo8.thuythu.com\/fdmart\/wp-json\/wp\/v2\/comments?post=26806"}],"wp:featuredmedia":[{"embeddable":true,"href":"https:\/\/demo8.thuythu.com\/fdmart\/wp-json\/wp\/v2\/media\/26804"}],"wp:attachment":[{"href":"https:\/\/demo8.thuythu.com\/fdmart\/wp-json\/wp\/v2\/media?parent=26806"}],"wp:term":[{"taxonomy":"product_cat","embeddable":true,"href":"https:\/\/demo8.thuythu.com\/fdmart\/wp-json\/wp\/v2\/product_cat?post=26806"},{"taxonomy":"product_tag","embeddable":true,"href":"https:\/\/demo8.thuythu.com\/fdmart\/wp-json\/wp\/v2\/product_tag?post=26806"}],"curies":[{"name":"wp","href":"https:\/\/api.w.org\/{rel}","templated":true}]}}