{"id":26969,"date":"2022-09-29T23:13:06","date_gmt":"2022-09-29T16:13:06","guid":{"rendered":"https:\/\/demo8.thuythu.com\/fdmart\/san-pham\/dau-goi-xa-pantene-2in1-moisture-renewal-375ml\/"},"modified":"2022-09-29T23:13:06","modified_gmt":"2022-09-29T16:13:06","slug":"dau-goi-xa-pantene-2in1-moisture-renewal-375ml","status":"publish","type":"product","link":"https:\/\/demo8.thuythu.com\/fdmart\/san-pham\/dau-goi-xa-pantene-2in1-moisture-renewal-375ml\/","title":{"rendered":"D\u1ea7u G\u1ed9i &#038; X\u1ea3 PANTENE 2IN1 MOISTURE RENEWAL 375ML"},"content":{"rendered":"<p>D\u1ea7u G\u1ed9i v\u00e0 D\u1ea7u X\u1ea3 2IN1 Pantene Moisture Renewal 375ml, nh\u1eadp kh\u1ea9u t\u1eeb M\u1ef9, d\u01b0\u1ee1ng \u1ea9m v\u00e0 ph\u1ee5c h\u1ed3i t\u00f3c h\u01b0 t\u1ed5n m\u1ed7i ng\u00e0y ch\u1ec9 sau 1 l\u1ea7n g\u1ed9i x\u1ea3, d\u00e0nh cho t\u00f3c kh\u00f4, h\u01b0 t\u1ed5n v\u00e0 ch\u1ebb ng\u1ecdn.<br \/>\u0110\u1eb6C \u0110I\u1ec2M V\u00c0 T\u00cdNH N\u0102NG N\u1ed4I B\u1eacT:<br \/>&#8211; D\u1ea7u g\u1ed9i k\u1ebft h\u1ee3p v\u1edbi d\u1ea7u x\u1ea3 cho b\u01b0\u1edbc l\u00e0m s\u1ea1ch v\u00e0 ch\u0103m s\u00f3c t\u00f3c nhanh ch\u00f3ng, ti\u1ec7n l\u1ee3i h\u01a1n. <br \/>&#8211; Th\u00e0nh ph\u1ea7n ch\u00ednh l\u00e0 Pro \u2013 vitamin B5 (Pro\u2013V), 2 ch\u1ea5t c\u00f3 trong th\u00e0nh ph\u1ea7n n\u00e0y l\u00e0 Panthenol v\u00e0 Panthenyl Ethyl Ether k\u1ebft h\u1ee3p th\u1ea9m th\u1ea5u s\u00e2u v\u00e0o t\u1eebng l\u1edbp t\u00f3c v\u00e0 nu\u00f4i d\u01b0\u1ee1ng t\u00f3c t\u1eeb s\u00e2u b\u00ean trong, h\u1ea1n ch\u1ebf t\u1ed1i \u0111a t\u00f3c x\u01a1 r\u1ed1i, t\u1ea1o \u0111\u1ed9 b\u1ed3ng b\u1ec1nh, su\u00f4n m\u01b0\u1ee3t, \u0111\u1ed3ng th\u1eddi ph\u1ee5c h\u1ed3i l\u1edbp Keratin b\u1ea3o v\u1ec7 t\u00f3c kh\u1ecfi t\u00e1c h\u1ea1i c\u1ee7a tia c\u1ef1c t\u00edm, \u00f4 nhi\u1ec5m t\u1eeb m\u00f4i tr\u01b0\u1eddng. <br \/>&#8211; D\u00f2ng Moisture Renewal ph\u1ee5c h\u1ed3i \u0111\u1ed9 \u1ea9m cho t\u00f3c, gi\u00fap t\u00f3c kh\u1ecfe v\u00e0 b\u00f3ng m\u01b0\u1ee3t h\u01a1n. Ng\u0103n ch\u1eb7n v\u1ea5n \u0111\u1ec1 ch\u1ebb ng\u1ecdn gi\u00fap t\u00f3c c\u1ea3i thi\u1ec7n v\u00e0 d\u1ebbo dai h\u01a1n, d\u1ec5 d\u00e0ng t\u1ea1o ki\u1ec3u h\u01a1n.<br \/>H\u01af\u1edaNG D\u1eaaN S\u1eec D\u1ee4NG:<br \/>&#8211; L\u1eafc \u0111\u1ec1u tr\u01b0\u1edbc khi s\u1eed d\u1ee5ng<br \/>&#8211; L\u00e0m \u01b0\u1edbt t\u00f3c v\u00e0 l\u1ea5y m\u1ed9t l\u01b0\u1ee3ng v\u1eeba \u0111\u1ee7 v\u00e0o l\u00f2ng b\u00e0n tay<br \/>&#8211; Xoa b\u00f3p nh\u1eb9 nh\u00e0ng \u0111\u1ec3 t\u1ea1o b\u1ecdt, sau \u0111\u00f3 x\u1ea3 s\u1ea1ch v\u1edbi n\u01b0\u1edbc.<br \/>H\u1ea0N S\u1eec D\u1ee4NG: 36 th\u00e1ng k\u1ec3 t\u1eeb ng\u00e0y s\u1ea3n xu\u1ea5t.<br \/>TH\u00d4NG TIN TH\u01af\u01a0NG HI\u1ec6U:<br \/>Pantene l\u00e0 nh\u00e3n hi\u1ec7u ch\u0103m s\u00f3c t\u00f3c s\u1ed1 1 th\u1ebf gi\u1edbi (theo doanh thu v\u00e0 s\u1ea3n l\u01b0\u1ee3ng 2014 cho 36 th\u1ecb tr\u01b0\u1eddng to\u00e0n c\u1ea7u, b\u00e1o c\u00e1o b\u1edfi Nielsen). <br \/>T\u00ean c\u1ee7a nh\u00e3n hi\u1ec7u n\u00e0y \u0111\u01b0\u1ee3c \u0111\u1eb7t theo Panthenol, m\u1ed9t h\u1ee3p ch\u1ea5t \u0111\u01b0\u1ee3c ph\u00e1t tri\u1ec3n t\u1ea1i Th\u1ee5y \u0110i\u1ec3n v\u00e0o n\u0103m 1940. Trong c\u00e1c cu\u1ed9c ch\u1eefa tr\u1ecb th\u1eed nghi\u1ec7m c\u00e1c v\u1ebft b\u1ecfng trong Th\u1ebf chi\u1ebfn th\u1ee9 2, Panthenol cho th\u1ea5y hi\u1ec7u qu\u1ea3 trong vi\u1ec7c c\u1ea3i thi\u1ec7n t\u00ecnh tr\u1ea1ng x\u01a1 y\u1ebfu, \u0111\u1ed9 \u0111\u00e0n h\u1ed3i v\u00e0 \u0111\u1ed9 \u1ea9m cho t\u00f3c. N\u0103m 1985, Pantene gia nh\u1eadp t\u1eadp \u0111o\u00e0n P&#038;G v\u00e0 m\u1ed9t l\u1ea7n n\u1eefa ra m\u1eaft t\u1ea1i th\u1ecb tr\u01b0\u1eddng M\u1ef9 r\u1ed3i sau \u0111\u00f3 \u0111\u01b0\u1ee3c ph\u00e2n ph\u1ed1i r\u1ed9ng r\u00e3i tr\u00ean to\u00e0n th\u1ebf gi\u1edbi. Nh\u00e3n hi\u1ec7u ch\u0103m s\u00f3c t\u00f3c Pantene \u0111\u01b0\u1ee3c bi\u1ebft \u0111\u1ebfn v\u00e0 n\u1ed5i ti\u1ebfng nhi\u1ec1u nh\u1edd d\u00f2ng s\u1ea3n ph\u1ea9m Pantene Pro-V \u0111\u01b0\u1ee3c tr\u00ecnh l\u00e0ng v\u00e0o cu\u1ed1i nh\u1eefng n\u0103m 80.<\/p>\n","protected":false},"excerpt":{"rendered":"<p>D\u1ea7u G\u1ed9i v\u00e0 D\u1ea7u X\u1ea3 2IN1 Pantene Moisture Renewal 375ml, nh\u1eadp kh\u1ea9u t\u1eeb M\u1ef9, d\u01b0\u1ee1ng \u1ea9m v\u00e0 ph\u1ee5c h\u1ed3i t\u00f3c h\u01b0 t\u1ed5n m\u1ed7i ng\u00e0y ch\u1ec9 sau 1 l\u1ea7n g\u1ed9i x\u1ea3, d\u00e0nh cho t\u00f3c kh\u00f4, h\u01b0 t\u1ed5n v\u00e0 ch\u1ebb ng\u1ecdn.\u0110\u1eb6C \u0110I\u1ec2M V\u00c0 T\u00cdNH N\u0102NG N\u1ed4I B\u1eacT:&#8211; D\u1ea7u g\u1ed9i k\u1ebft h\u1ee3p v\u1edbi d\u1ea7u x\u1ea3 cho b\u01b0\u1edbc l\u00e0m [&hellip;]<\/p>\n","protected":false},"featured_media":26968,"comment_status":"open","ping_status":"closed","template":"","meta":[],"product_cat":[356],"product_tag":[],"_links":{"self":[{"href":"https:\/\/demo8.thuythu.com\/fdmart\/wp-json\/wp\/v2\/product\/26969"}],"collection":[{"href":"https:\/\/demo8.thuythu.com\/fdmart\/wp-json\/wp\/v2\/product"}],"about":[{"href":"https:\/\/demo8.thuythu.com\/fdmart\/wp-json\/wp\/v2\/types\/product"}],"replies":[{"embeddable":true,"href":"https:\/\/demo8.thuythu.com\/fdmart\/wp-json\/wp\/v2\/comments?post=26969"}],"wp:featuredmedia":[{"embeddable":true,"href":"https:\/\/demo8.thuythu.com\/fdmart\/wp-json\/wp\/v2\/media\/26968"}],"wp:attachment":[{"href":"https:\/\/demo8.thuythu.com\/fdmart\/wp-json\/wp\/v2\/media?parent=26969"}],"wp:term":[{"taxonomy":"product_cat","embeddable":true,"href":"https:\/\/demo8.thuythu.com\/fdmart\/wp-json\/wp\/v2\/product_cat?post=26969"},{"taxonomy":"product_tag","embeddable":true,"href":"https:\/\/demo8.thuythu.com\/fdmart\/wp-json\/wp\/v2\/product_tag?post=26969"}],"curies":[{"name":"wp","href":"https:\/\/api.w.org\/{rel}","templated":true}]}}