{"id":26976,"date":"2022-09-29T23:13:11","date_gmt":"2022-09-29T16:13:11","guid":{"rendered":"https:\/\/demo8.thuythu.com\/fdmart\/san-pham\/dau-goi-clear-hoa-anh-dao-bang-lanh-630gr\/"},"modified":"2022-09-29T23:13:11","modified_gmt":"2022-09-29T16:13:11","slug":"dau-goi-clear-hoa-anh-dao-bang-lanh-630gr","status":"publish","type":"product","link":"https:\/\/demo8.thuythu.com\/fdmart\/san-pham\/dau-goi-clear-hoa-anh-dao-bang-lanh-630gr\/","title":{"rendered":"D\u1ea7u G\u1ed9i Clear Hoa Anh \u0110\u00e0o B\u0103ng L\u1ea1nh 630gr"},"content":{"rendered":"","protected":false},"excerpt":{"rendered":"","protected":false},"featured_media":26975,"comment_status":"open","ping_status":"closed","template":"","meta":[],"product_cat":[350],"product_tag":[],"_links":{"self":[{"href":"https:\/\/demo8.thuythu.com\/fdmart\/wp-json\/wp\/v2\/product\/26976"}],"collection":[{"href":"https:\/\/demo8.thuythu.com\/fdmart\/wp-json\/wp\/v2\/product"}],"about":[{"href":"https:\/\/demo8.thuythu.com\/fdmart\/wp-json\/wp\/v2\/types\/product"}],"replies":[{"embeddable":true,"href":"https:\/\/demo8.thuythu.com\/fdmart\/wp-json\/wp\/v2\/comments?post=26976"}],"wp:featuredmedia":[{"embeddable":true,"href":"https:\/\/demo8.thuythu.com\/fdmart\/wp-json\/wp\/v2\/media\/26975"}],"wp:attachment":[{"href":"https:\/\/demo8.thuythu.com\/fdmart\/wp-json\/wp\/v2\/media?parent=26976"}],"wp:term":[{"taxonomy":"product_cat","embeddable":true,"href":"https:\/\/demo8.thuythu.com\/fdmart\/wp-json\/wp\/v2\/product_cat?post=26976"},{"taxonomy":"product_tag","embeddable":true,"href":"https:\/\/demo8.thuythu.com\/fdmart\/wp-json\/wp\/v2\/product_tag?post=26976"}],"curies":[{"name":"wp","href":"https:\/\/api.w.org\/{rel}","templated":true}]}}