{"id":27003,"date":"2022-09-29T23:13:34","date_gmt":"2022-09-29T16:13:34","guid":{"rendered":"https:\/\/demo8.thuythu.com\/fdmart\/san-pham\/dau-goi-dau-sach-gau-lion-320ml\/"},"modified":"2022-09-29T23:13:34","modified_gmt":"2022-09-29T16:13:34","slug":"dau-goi-dau-sach-gau-lion-320ml","status":"publish","type":"product","link":"https:\/\/demo8.thuythu.com\/fdmart\/san-pham\/dau-goi-dau-sach-gau-lion-320ml\/","title":{"rendered":"D\u1ea7u G\u1ed9i \u0110\u1ea7u S\u1ea1ch G\u00e0u Lion 320ml"},"content":{"rendered":"<p><span style=\"color:#777777;font-family:Arial, Helvetica, sans-serif;background-color:#ffffff;\">D\u1ea7u G<\/span>\u1ed9i<span style=\"color:#777777;font-family:Arial, Helvetica, sans-serif;background-color:#ffffff;\">\u00a0Tr\u1ecb G\u00e0u V\u00e0 Ng\u1ee9a Okuto Lion 320ml Nh\u1eadt B\u1ea3n \u0110\u1eb7c tr\u1ecb d\u00e0nh ri\u00eang cho t\u00f3c y\u1ebfu, nhi\u1ec1u g\u00e0u,v\u00e0 nh\u1eefng ng\u01b0\u1eddi b\u1ecb b\u1ec7nh r\u1ee5ng t\u00f3c. Bao g\u1ed3m c\u00e1c chi\u1ebft xu\u1ea5t th\u1ea3o d\u01b0\u1ee3c qu\u00fd hi\u1ebfm<\/span><\/p>\n","protected":false},"excerpt":{"rendered":"<p>D\u1ea7u G\u1ed9i\u00a0Tr\u1ecb G\u00e0u V\u00e0 Ng\u1ee9a Okuto Lion 320ml Nh\u1eadt B\u1ea3n \u0110\u1eb7c tr\u1ecb d\u00e0nh ri\u00eang cho t\u00f3c y\u1ebfu, nhi\u1ec1u g\u00e0u,v\u00e0 nh\u1eefng ng\u01b0\u1eddi b\u1ecb b\u1ec7nh r\u1ee5ng t\u00f3c. Bao g\u1ed3m c\u00e1c chi\u1ebft xu\u1ea5t th\u1ea3o d\u01b0\u1ee3c qu\u00fd hi\u1ebfm<\/p>\n","protected":false},"featured_media":27001,"comment_status":"open","ping_status":"closed","template":"","meta":[],"product_cat":[350],"product_tag":[],"_links":{"self":[{"href":"https:\/\/demo8.thuythu.com\/fdmart\/wp-json\/wp\/v2\/product\/27003"}],"collection":[{"href":"https:\/\/demo8.thuythu.com\/fdmart\/wp-json\/wp\/v2\/product"}],"about":[{"href":"https:\/\/demo8.thuythu.com\/fdmart\/wp-json\/wp\/v2\/types\/product"}],"replies":[{"embeddable":true,"href":"https:\/\/demo8.thuythu.com\/fdmart\/wp-json\/wp\/v2\/comments?post=27003"}],"wp:featuredmedia":[{"embeddable":true,"href":"https:\/\/demo8.thuythu.com\/fdmart\/wp-json\/wp\/v2\/media\/27001"}],"wp:attachment":[{"href":"https:\/\/demo8.thuythu.com\/fdmart\/wp-json\/wp\/v2\/media?parent=27003"}],"wp:term":[{"taxonomy":"product_cat","embeddable":true,"href":"https:\/\/demo8.thuythu.com\/fdmart\/wp-json\/wp\/v2\/product_cat?post=27003"},{"taxonomy":"product_tag","embeddable":true,"href":"https:\/\/demo8.thuythu.com\/fdmart\/wp-json\/wp\/v2\/product_tag?post=27003"}],"curies":[{"name":"wp","href":"https:\/\/api.w.org\/{rel}","templated":true}]}}