{"id":27451,"date":"2022-09-29T23:20:11","date_gmt":"2022-09-29T16:20:11","guid":{"rendered":"https:\/\/demo8.thuythu.com\/fdmart\/san-pham\/ddgd-3p-khan-giay-uot-i-love-bebe-baby-wet-tissue-plus-yellow-120-to\/"},"modified":"2022-09-29T23:20:11","modified_gmt":"2022-09-29T16:20:11","slug":"ddgd-3p-khan-giay-uot-i-love-bebe-baby-wet-tissue-plus-yellow-120-to","status":"publish","type":"product","link":"https:\/\/demo8.thuythu.com\/fdmart\/san-pham\/ddgd-3p-khan-giay-uot-i-love-bebe-baby-wet-tissue-plus-yellow-120-to\/","title":{"rendered":"\u0110DG\u0110 3P KH\u0102N GI\u1ea4Y \u01af\u1edaT I LOVE BEBE BABY WET TISSUE PLUS YELLOW 120 T\u1edc"},"content":{"rendered":"","protected":false},"excerpt":{"rendered":"","protected":false},"featured_media":27450,"comment_status":"open","ping_status":"closed","template":"","meta":[],"product_cat":[346],"product_tag":[],"_links":{"self":[{"href":"https:\/\/demo8.thuythu.com\/fdmart\/wp-json\/wp\/v2\/product\/27451"}],"collection":[{"href":"https:\/\/demo8.thuythu.com\/fdmart\/wp-json\/wp\/v2\/product"}],"about":[{"href":"https:\/\/demo8.thuythu.com\/fdmart\/wp-json\/wp\/v2\/types\/product"}],"replies":[{"embeddable":true,"href":"https:\/\/demo8.thuythu.com\/fdmart\/wp-json\/wp\/v2\/comments?post=27451"}],"wp:featuredmedia":[{"embeddable":true,"href":"https:\/\/demo8.thuythu.com\/fdmart\/wp-json\/wp\/v2\/media\/27450"}],"wp:attachment":[{"href":"https:\/\/demo8.thuythu.com\/fdmart\/wp-json\/wp\/v2\/media?parent=27451"}],"wp:term":[{"taxonomy":"product_cat","embeddable":true,"href":"https:\/\/demo8.thuythu.com\/fdmart\/wp-json\/wp\/v2\/product_cat?post=27451"},{"taxonomy":"product_tag","embeddable":true,"href":"https:\/\/demo8.thuythu.com\/fdmart\/wp-json\/wp\/v2\/product_tag?post=27451"}],"curies":[{"name":"wp","href":"https:\/\/api.w.org\/{rel}","templated":true}]}}