{"id":27576,"date":"2022-09-29T23:21:59","date_gmt":"2022-09-29T16:21:59","guid":{"rendered":"https:\/\/demo8.thuythu.com\/fdmart\/san-pham\/duong-phen-hat-nguyen-chat-tui-500g\/"},"modified":"2022-09-29T23:21:59","modified_gmt":"2022-09-29T16:21:59","slug":"duong-phen-hat-nguyen-chat-tui-500g","status":"publish","type":"product","link":"https:\/\/demo8.thuythu.com\/fdmart\/san-pham\/duong-phen-hat-nguyen-chat-tui-500g\/","title":{"rendered":"\u0110\u01b0\u1eddng ph\u00e8n h\u1ea1t nguy\u00ean ch\u1ea5t t\u00fai 500g"},"content":{"rendered":"<p>Th\u00e0nh ph\u1ea7n: Siro \u0111\u01b0\u1eddng m\u00eda nguy\u00ean ch\u1ea5t 100%<br \/>H\u01b0\u1edbng d\u1eabn s\u1eed d\u1ee5ng:<br \/>&#8211; S\u1eed d\u1ee5ng nh\u01b0 \u0111\u01b0\u1eddng c\u00e1t tr\u1eafng<br \/>&#8211; D\u00f9ng trong sinh ho\u1ea1t h\u00e0ng ng\u00e0y: u\u1ed1ng c\u00e0 ph\u00ea, \u0111\u00e1 chanh, cam v\u1eaft, n\u1ea5u ch\u00e8\u2026<br \/>&#8211; N\u00eam n\u1ebfm c\u00e1c m\u00f3n \u0103n th\u00f4ng d\u1ee5ng: ph\u1edf, canh, h\u1ee7 ti\u1ebfu, m\u00ec, l\u1ea9u\u2026<br \/>&#8211; D\u00f9ng s\u1ea3n xu\u1ea5t c\u00e1c lo\u1ea1i n\u01b0\u1edbc gi\u1ea3i kh\u00e1t: n\u01b0\u1edbc y\u1ebfn, n\u01b0\u1edbc tr\u00e1i c\u00e2y, b\u00e1nh k\u1eb9o&#8230;<br \/>&#8211; D\u00f9ng s\u1ea3n xu\u1ea5t c\u00e1c lo\u1ea1i gia v\u1ecb nh\u01b0 n\u01b0\u1edbc t\u01b0\u01a1ng, n\u01b0\u1edbc m\u1eafm, n\u01b0\u1edbc ch\u1ea5m&#8230;<\/p>\n<p>*B\u1ea3o qu\u1ea3n: b\u1ea3o qu\u1ea3n n\u01a1i kh\u00f4 r\u00e1o, tho\u00e1ng m\u00e1t, tr\u00e1nh \u00e1nh n\u1eafng tr\u1ef1c ti\u1ebfp<\/p>\n<p>*C\u1ea3nh b\u00e1o: kh\u00f4ng mua s\u1ea3n ph\u1ea9m n\u1ebfu bao b\u00ec kh\u00f4ng c\u00f2n nguy\u00ean v\u1eb9n<\/p>\n<p>\u00a0<\/p>\n<p>Ingredient: Refined Extra Sugar<br \/>Usage:<br \/>&#8211; Daily use: drinking coffee, iced lemonade, squeezed orange, etc.; sweet soup.<br \/>&#8211; Adding to and tasting common foods such as: noodle soup, noodle with seasoned and saute beef, noodle, hotpot, etc.<br \/>&#8211; Production of spices such as: fish sauce, sauce, soy sauce, etc, increasing, delicate flavour<br \/>&#8211; Production of refreshing drinks such as: soft drinks, salangane&#8217;s nest drink, fruit juice, and cake, candy high quality sweets<\/p>\n","protected":false},"excerpt":{"rendered":"<p>Th\u00e0nh ph\u1ea7n: Siro \u0111\u01b0\u1eddng m\u00eda nguy\u00ean ch\u1ea5t 100%H\u01b0\u1edbng d\u1eabn s\u1eed d\u1ee5ng:&#8211; S\u1eed d\u1ee5ng nh\u01b0 \u0111\u01b0\u1eddng c\u00e1t tr\u1eafng&#8211; D\u00f9ng trong sinh ho\u1ea1t h\u00e0ng ng\u00e0y: u\u1ed1ng c\u00e0 ph\u00ea, \u0111\u00e1 chanh, cam v\u1eaft, n\u1ea5u ch\u00e8\u2026&#8211; N\u00eam n\u1ebfm c\u00e1c m\u00f3n \u0103n th\u00f4ng d\u1ee5ng: ph\u1edf, canh, h\u1ee7 ti\u1ebfu, m\u00ec, l\u1ea9u\u2026&#8211; D\u00f9ng s\u1ea3n xu\u1ea5t c\u00e1c lo\u1ea1i n\u01b0\u1edbc gi\u1ea3i kh\u00e1t: n\u01b0\u1edbc y\u1ebfn, [&hellip;]<\/p>\n","protected":false},"featured_media":27575,"comment_status":"open","ping_status":"closed","template":"","meta":[],"product_cat":[377],"product_tag":[],"_links":{"self":[{"href":"https:\/\/demo8.thuythu.com\/fdmart\/wp-json\/wp\/v2\/product\/27576"}],"collection":[{"href":"https:\/\/demo8.thuythu.com\/fdmart\/wp-json\/wp\/v2\/product"}],"about":[{"href":"https:\/\/demo8.thuythu.com\/fdmart\/wp-json\/wp\/v2\/types\/product"}],"replies":[{"embeddable":true,"href":"https:\/\/demo8.thuythu.com\/fdmart\/wp-json\/wp\/v2\/comments?post=27576"}],"wp:featuredmedia":[{"embeddable":true,"href":"https:\/\/demo8.thuythu.com\/fdmart\/wp-json\/wp\/v2\/media\/27575"}],"wp:attachment":[{"href":"https:\/\/demo8.thuythu.com\/fdmart\/wp-json\/wp\/v2\/media?parent=27576"}],"wp:term":[{"taxonomy":"product_cat","embeddable":true,"href":"https:\/\/demo8.thuythu.com\/fdmart\/wp-json\/wp\/v2\/product_cat?post=27576"},{"taxonomy":"product_tag","embeddable":true,"href":"https:\/\/demo8.thuythu.com\/fdmart\/wp-json\/wp\/v2\/product_tag?post=27576"}],"curies":[{"name":"wp","href":"https:\/\/api.w.org\/{rel}","templated":true}]}}