{"id":27578,"date":"2022-09-29T23:22:01","date_gmt":"2022-09-29T16:22:01","guid":{"rendered":"https:\/\/demo8.thuythu.com\/fdmart\/san-pham\/duong-phen-hat-tui-1kg\/"},"modified":"2022-09-29T23:22:01","modified_gmt":"2022-09-29T16:22:01","slug":"duong-phen-hat-tui-1kg","status":"publish","type":"product","link":"https:\/\/demo8.thuythu.com\/fdmart\/san-pham\/duong-phen-hat-tui-1kg\/","title":{"rendered":"\u0110\u01b0\u1eddng ph\u00e8n h\u1ea1t t\u00fai 1Kg"},"content":{"rendered":"<p>Th\u00e0nh ph\u1ea7n: \u0110\u01b0\u1eddng tinh luy\u1ec7n RE (100%)<br \/>H\u01b0\u1edbng d\u1eabn s\u1eed d\u1ee5ng:<br \/>&#8211; D\u00f9ng trong n\u1ea5u \u0103n h\u00e0ng ng\u00e0y: kho c\u00e1, kho th\u1ecbt, n\u1ea5u canh, n\u00eam n\u1ebfm ph\u1edf, h\u1ee7 ti\u1ebfu, m\u00ec, l\u1ea9u\u2026U\u1ed1ng c\u00e0 ph\u00ea, \u0111\u00e1 chanh, cam v\u1eaft\u2026., n\u1ea5u ch\u00e8<br \/>&#8211; D\u00f9ng s\u1ea3n xu\u1ea5t c\u00e1c lo\u1ea1i gia v\u1ecb nh\u01b0 n\u01b0\u1edbc t\u01b0\u01a1ng, n\u01b0\u1edbc m\u1eafm, n\u01b0\u1edbc ch\u1ea5m. S\u1ea3n xu\u1ea5t c\u00e1c lo\u1ea1i n\u01b0\u1edbc gi\u1ea3i kh\u00e1t nh\u01b0 n\u01b0\u1edbc y\u1ebfn, c\u00e1c lo\u1ea1i n\u01b0\u1edbc m\u00e1t, n\u01b0\u1edbc tr\u00e1i c\u00e2y, b\u00e1nh k\u1eb9o&#8230;T\u1ea5t c\u1ea3 c\u00e1c s\u1ea3n ph\u1ea9m c\u00f3 s\u1eed d\u1ee5ng \u0111\u01b0\u1eddng tinh luy\u1ec7n, thay th\u1ebf b\u1eb1ng \u0111\u01b0\u1eddng ph\u00e8n s\u1ebd t\u0103ng h\u01b0\u01a1ng v\u1ecb th\u01a1m ngon.<br \/>&#8211; L\u01b0\u1ee3ng s\u1eed d\u1ee5ng nh\u01b0 \u0111\u01b0\u1eddng tinh luy\u1ec7n<\/p>\n<p>*B\u1ea3o qu\u1ea3n: b\u1ea3o qu\u1ea3n n\u01a1i kh\u00f4 r\u00e1o, tho\u00e1ng m\u00e1t, tr\u00e1nh \u00e1nh n\u1eafng tr\u1ef1c ti\u1ebfp<\/p>\n<p>*C\u1ea3nh b\u00e1o: kh\u00f4ng mua s\u1ea3n ph\u1ea9m n\u1ebfu bao b\u00ec kh\u00f4ng c\u00f2n nguy\u00ean v\u1eb9n<\/p>\n<p>\u00a0<\/p>\n<p>Ingredient: Refined Extra Sugar<br \/>Direction:<br \/>&#8211; Use in daily cooking: braising fish, pork, stewing soup, seasoning Pho, noodle soup, hot pot, making coffee, ice lemon, orange juice, cooking sweet<br \/>&#8211; Use in manufacturing many types of spices such as: soy sauce, fish sauce or any sauce, producing many drinks such as: bird&#8217;s nest drink, detox drinks, juice, confectionery. All of the products contained refined sugar can be replaced with rock sugar which will give a better taste.<br \/>&#8211; Use the same amount as refined sugar.<\/p>\n","protected":false},"excerpt":{"rendered":"<p>Th\u00e0nh ph\u1ea7n: \u0110\u01b0\u1eddng tinh luy\u1ec7n RE (100%)H\u01b0\u1edbng d\u1eabn s\u1eed d\u1ee5ng:&#8211; D\u00f9ng trong n\u1ea5u \u0103n h\u00e0ng ng\u00e0y: kho c\u00e1, kho th\u1ecbt, n\u1ea5u canh, n\u00eam n\u1ebfm ph\u1edf, h\u1ee7 ti\u1ebfu, m\u00ec, l\u1ea9u\u2026U\u1ed1ng c\u00e0 ph\u00ea, \u0111\u00e1 chanh, cam v\u1eaft\u2026., n\u1ea5u ch\u00e8&#8211; D\u00f9ng s\u1ea3n xu\u1ea5t c\u00e1c lo\u1ea1i gia v\u1ecb nh\u01b0 n\u01b0\u1edbc t\u01b0\u01a1ng, n\u01b0\u1edbc m\u1eafm, n\u01b0\u1edbc ch\u1ea5m. S\u1ea3n xu\u1ea5t c\u00e1c lo\u1ea1i [&hellip;]<\/p>\n","protected":false},"featured_media":27577,"comment_status":"open","ping_status":"closed","template":"","meta":[],"product_cat":[377],"product_tag":[],"_links":{"self":[{"href":"https:\/\/demo8.thuythu.com\/fdmart\/wp-json\/wp\/v2\/product\/27578"}],"collection":[{"href":"https:\/\/demo8.thuythu.com\/fdmart\/wp-json\/wp\/v2\/product"}],"about":[{"href":"https:\/\/demo8.thuythu.com\/fdmart\/wp-json\/wp\/v2\/types\/product"}],"replies":[{"embeddable":true,"href":"https:\/\/demo8.thuythu.com\/fdmart\/wp-json\/wp\/v2\/comments?post=27578"}],"wp:featuredmedia":[{"embeddable":true,"href":"https:\/\/demo8.thuythu.com\/fdmart\/wp-json\/wp\/v2\/media\/27577"}],"wp:attachment":[{"href":"https:\/\/demo8.thuythu.com\/fdmart\/wp-json\/wp\/v2\/media?parent=27578"}],"wp:term":[{"taxonomy":"product_cat","embeddable":true,"href":"https:\/\/demo8.thuythu.com\/fdmart\/wp-json\/wp\/v2\/product_cat?post=27578"},{"taxonomy":"product_tag","embeddable":true,"href":"https:\/\/demo8.thuythu.com\/fdmart\/wp-json\/wp\/v2\/product_tag?post=27578"}],"curies":[{"name":"wp","href":"https:\/\/api.w.org\/{rel}","templated":true}]}}