{"id":27662,"date":"2022-09-29T23:23:19","date_gmt":"2022-09-29T16:23:19","guid":{"rendered":"https:\/\/demo8.thuythu.com\/fdmart\/san-pham\/gao-lut-cha-bong-ma-5-hu\/"},"modified":"2022-10-19T23:59:13","modified_gmt":"2022-10-19T16:59:13","slug":"gao-lut-cha-bong-ma-5-hu","status":"publish","type":"product","link":"https:\/\/demo8.thuythu.com\/fdmart\/san-pham\/gao-lut-cha-bong-ma-5-hu\/","title":{"rendered":"G\u1ea1o L\u1ee9t Ch\u00e0 B\u00f4ng M\u00e1 5 H\u0169"},"content":{"rendered":"","protected":false},"excerpt":{"rendered":"","protected":false},"featured_media":27661,"comment_status":"open","ping_status":"closed","template":"","meta":[],"product_cat":[546],"product_tag":[],"_links":{"self":[{"href":"https:\/\/demo8.thuythu.com\/fdmart\/wp-json\/wp\/v2\/product\/27662"}],"collection":[{"href":"https:\/\/demo8.thuythu.com\/fdmart\/wp-json\/wp\/v2\/product"}],"about":[{"href":"https:\/\/demo8.thuythu.com\/fdmart\/wp-json\/wp\/v2\/types\/product"}],"replies":[{"embeddable":true,"href":"https:\/\/demo8.thuythu.com\/fdmart\/wp-json\/wp\/v2\/comments?post=27662"}],"wp:featuredmedia":[{"embeddable":true,"href":"https:\/\/demo8.thuythu.com\/fdmart\/wp-json\/wp\/v2\/media\/27661"}],"wp:attachment":[{"href":"https:\/\/demo8.thuythu.com\/fdmart\/wp-json\/wp\/v2\/media?parent=27662"}],"wp:term":[{"taxonomy":"product_cat","embeddable":true,"href":"https:\/\/demo8.thuythu.com\/fdmart\/wp-json\/wp\/v2\/product_cat?post=27662"},{"taxonomy":"product_tag","embeddable":true,"href":"https:\/\/demo8.thuythu.com\/fdmart\/wp-json\/wp\/v2\/product_tag?post=27662"}],"curies":[{"name":"wp","href":"https:\/\/api.w.org\/{rel}","templated":true}]}}