{"id":28248,"date":"2022-09-29T23:32:05","date_gmt":"2022-09-29T16:32:05","guid":{"rendered":"https:\/\/demo8.thuythu.com\/fdmart\/san-pham\/hu-tam-hinh-gau-biohome\/"},"modified":"2022-09-29T23:32:05","modified_gmt":"2022-09-29T16:32:05","slug":"hu-tam-hinh-gau-biohome","status":"publish","type":"product","link":"https:\/\/demo8.thuythu.com\/fdmart\/san-pham\/hu-tam-hinh-gau-biohome\/","title":{"rendered":"H\u0169 T\u0103m H\u00ecnh G\u1ea5u Biohome"},"content":{"rendered":"","protected":false},"excerpt":{"rendered":"","protected":false},"featured_media":28247,"comment_status":"open","ping_status":"closed","template":"","meta":[],"product_cat":[385],"product_tag":[],"_links":{"self":[{"href":"https:\/\/demo8.thuythu.com\/fdmart\/wp-json\/wp\/v2\/product\/28248"}],"collection":[{"href":"https:\/\/demo8.thuythu.com\/fdmart\/wp-json\/wp\/v2\/product"}],"about":[{"href":"https:\/\/demo8.thuythu.com\/fdmart\/wp-json\/wp\/v2\/types\/product"}],"replies":[{"embeddable":true,"href":"https:\/\/demo8.thuythu.com\/fdmart\/wp-json\/wp\/v2\/comments?post=28248"}],"wp:featuredmedia":[{"embeddable":true,"href":"https:\/\/demo8.thuythu.com\/fdmart\/wp-json\/wp\/v2\/media\/28247"}],"wp:attachment":[{"href":"https:\/\/demo8.thuythu.com\/fdmart\/wp-json\/wp\/v2\/media?parent=28248"}],"wp:term":[{"taxonomy":"product_cat","embeddable":true,"href":"https:\/\/demo8.thuythu.com\/fdmart\/wp-json\/wp\/v2\/product_cat?post=28248"},{"taxonomy":"product_tag","embeddable":true,"href":"https:\/\/demo8.thuythu.com\/fdmart\/wp-json\/wp\/v2\/product_tag?post=28248"}],"curies":[{"name":"wp","href":"https:\/\/api.w.org\/{rel}","templated":true}]}}