{"id":28349,"date":"2022-09-29T23:33:37","date_gmt":"2022-09-29T16:33:37","guid":{"rendered":"https:\/\/demo8.thuythu.com\/fdmart\/san-pham\/kem-banh-ca-celano-tra-sua-khoai-mon-100gr\/"},"modified":"2022-09-29T23:33:37","modified_gmt":"2022-09-29T16:33:37","slug":"kem-banh-ca-celano-tra-sua-khoai-mon-100gr","status":"publish","type":"product","link":"https:\/\/demo8.thuythu.com\/fdmart\/san-pham\/kem-banh-ca-celano-tra-sua-khoai-mon-100gr\/","title":{"rendered":"Kem B\u00e1nh C\u00e1 Celano Tr\u00e0 s\u1eefa Khoai M\u00f4n 100gr"},"content":{"rendered":"","protected":false},"excerpt":{"rendered":"","protected":false},"featured_media":28348,"comment_status":"open","ping_status":"closed","template":"","meta":[],"product_cat":[400],"product_tag":[],"_links":{"self":[{"href":"https:\/\/demo8.thuythu.com\/fdmart\/wp-json\/wp\/v2\/product\/28349"}],"collection":[{"href":"https:\/\/demo8.thuythu.com\/fdmart\/wp-json\/wp\/v2\/product"}],"about":[{"href":"https:\/\/demo8.thuythu.com\/fdmart\/wp-json\/wp\/v2\/types\/product"}],"replies":[{"embeddable":true,"href":"https:\/\/demo8.thuythu.com\/fdmart\/wp-json\/wp\/v2\/comments?post=28349"}],"wp:featuredmedia":[{"embeddable":true,"href":"https:\/\/demo8.thuythu.com\/fdmart\/wp-json\/wp\/v2\/media\/28348"}],"wp:attachment":[{"href":"https:\/\/demo8.thuythu.com\/fdmart\/wp-json\/wp\/v2\/media?parent=28349"}],"wp:term":[{"taxonomy":"product_cat","embeddable":true,"href":"https:\/\/demo8.thuythu.com\/fdmart\/wp-json\/wp\/v2\/product_cat?post=28349"},{"taxonomy":"product_tag","embeddable":true,"href":"https:\/\/demo8.thuythu.com\/fdmart\/wp-json\/wp\/v2\/product_tag?post=28349"}],"curies":[{"name":"wp","href":"https:\/\/api.w.org\/{rel}","templated":true}]}}