{"id":28363,"date":"2022-09-29T23:33:50","date_gmt":"2022-09-29T16:33:50","guid":{"rendered":"https:\/\/demo8.thuythu.com\/fdmart\/san-pham\/kem-ca-samanco-tra-sua-tran-chau-den-150ml\/"},"modified":"2022-09-29T23:33:50","modified_gmt":"2022-09-29T16:33:50","slug":"kem-ca-samanco-tra-sua-tran-chau-den-150ml","status":"publish","type":"product","link":"https:\/\/demo8.thuythu.com\/fdmart\/san-pham\/kem-ca-samanco-tra-sua-tran-chau-den-150ml\/","title":{"rendered":"Kem C\u00e1 Samanco Tr\u00e0 S\u1eefa Tr\u00e2n Ch\u00e2u \u0110en 150ml"},"content":{"rendered":"","protected":false},"excerpt":{"rendered":"","protected":false},"featured_media":0,"comment_status":"open","ping_status":"closed","template":"","meta":[],"product_cat":[400],"product_tag":[],"_links":{"self":[{"href":"https:\/\/demo8.thuythu.com\/fdmart\/wp-json\/wp\/v2\/product\/28363"}],"collection":[{"href":"https:\/\/demo8.thuythu.com\/fdmart\/wp-json\/wp\/v2\/product"}],"about":[{"href":"https:\/\/demo8.thuythu.com\/fdmart\/wp-json\/wp\/v2\/types\/product"}],"replies":[{"embeddable":true,"href":"https:\/\/demo8.thuythu.com\/fdmart\/wp-json\/wp\/v2\/comments?post=28363"}],"wp:attachment":[{"href":"https:\/\/demo8.thuythu.com\/fdmart\/wp-json\/wp\/v2\/media?parent=28363"}],"wp:term":[{"taxonomy":"product_cat","embeddable":true,"href":"https:\/\/demo8.thuythu.com\/fdmart\/wp-json\/wp\/v2\/product_cat?post=28363"},{"taxonomy":"product_tag","embeddable":true,"href":"https:\/\/demo8.thuythu.com\/fdmart\/wp-json\/wp\/v2\/product_tag?post=28363"}],"curies":[{"name":"wp","href":"https:\/\/api.w.org\/{rel}","templated":true}]}}