{"id":28404,"date":"2022-09-29T23:34:25","date_gmt":"2022-09-29T16:34:25","guid":{"rendered":"https:\/\/demo8.thuythu.com\/fdmart\/san-pham\/kem-celano-passion-pho-mai-tran-chau-hoang-kim\/"},"modified":"2022-10-17T08:59:22","modified_gmt":"2022-10-17T01:59:22","slug":"kem-celano-passion-pho-mai-tran-chau-hoang-kim","status":"publish","type":"product","link":"https:\/\/demo8.thuythu.com\/fdmart\/san-pham\/kem-celano-passion-pho-mai-tran-chau-hoang-kim\/","title":{"rendered":"Kem Celano Passion Ph\u00f4 Mai Tr\u00e2n Ch\u00e2u Ho\u00e0ng Kim"},"content":{"rendered":"","protected":false},"excerpt":{"rendered":"","protected":false},"featured_media":0,"comment_status":"open","ping_status":"closed","template":"","meta":[],"product_cat":[400],"product_tag":[],"_links":{"self":[{"href":"https:\/\/demo8.thuythu.com\/fdmart\/wp-json\/wp\/v2\/product\/28404"}],"collection":[{"href":"https:\/\/demo8.thuythu.com\/fdmart\/wp-json\/wp\/v2\/product"}],"about":[{"href":"https:\/\/demo8.thuythu.com\/fdmart\/wp-json\/wp\/v2\/types\/product"}],"replies":[{"embeddable":true,"href":"https:\/\/demo8.thuythu.com\/fdmart\/wp-json\/wp\/v2\/comments?post=28404"}],"wp:attachment":[{"href":"https:\/\/demo8.thuythu.com\/fdmart\/wp-json\/wp\/v2\/media?parent=28404"}],"wp:term":[{"taxonomy":"product_cat","embeddable":true,"href":"https:\/\/demo8.thuythu.com\/fdmart\/wp-json\/wp\/v2\/product_cat?post=28404"},{"taxonomy":"product_tag","embeddable":true,"href":"https:\/\/demo8.thuythu.com\/fdmart\/wp-json\/wp\/v2\/product_tag?post=28404"}],"curies":[{"name":"wp","href":"https:\/\/api.w.org\/{rel}","templated":true}]}}