{"id":28635,"date":"2022-09-29T23:37:47","date_gmt":"2022-09-29T16:37:47","guid":{"rendered":"https:\/\/demo8.thuythu.com\/fdmart\/san-pham\/kem-duong-dem-san-chac-da-giam-nep-nhan-loreal-paris-50ml\/"},"modified":"2022-09-29T23:37:47","modified_gmt":"2022-09-29T16:37:47","slug":"kem-duong-dem-san-chac-da-giam-nep-nhan-loreal-paris-50ml","status":"publish","type":"product","link":"https:\/\/demo8.thuythu.com\/fdmart\/san-pham\/kem-duong-dem-san-chac-da-giam-nep-nhan-loreal-paris-50ml\/","title":{"rendered":"Kem D\u01b0\u1ee1ng \u0110\u00eam S\u0103n Ch\u1eafc Da Gi\u1ea3m N\u1ebfp Nh\u0103n Loreal Paris 50ml"},"content":{"rendered":"","protected":false},"excerpt":{"rendered":"","protected":false},"featured_media":28634,"comment_status":"open","ping_status":"closed","template":"","meta":[],"product_cat":[359],"product_tag":[],"_links":{"self":[{"href":"https:\/\/demo8.thuythu.com\/fdmart\/wp-json\/wp\/v2\/product\/28635"}],"collection":[{"href":"https:\/\/demo8.thuythu.com\/fdmart\/wp-json\/wp\/v2\/product"}],"about":[{"href":"https:\/\/demo8.thuythu.com\/fdmart\/wp-json\/wp\/v2\/types\/product"}],"replies":[{"embeddable":true,"href":"https:\/\/demo8.thuythu.com\/fdmart\/wp-json\/wp\/v2\/comments?post=28635"}],"wp:featuredmedia":[{"embeddable":true,"href":"https:\/\/demo8.thuythu.com\/fdmart\/wp-json\/wp\/v2\/media\/28634"}],"wp:attachment":[{"href":"https:\/\/demo8.thuythu.com\/fdmart\/wp-json\/wp\/v2\/media?parent=28635"}],"wp:term":[{"taxonomy":"product_cat","embeddable":true,"href":"https:\/\/demo8.thuythu.com\/fdmart\/wp-json\/wp\/v2\/product_cat?post=28635"},{"taxonomy":"product_tag","embeddable":true,"href":"https:\/\/demo8.thuythu.com\/fdmart\/wp-json\/wp\/v2\/product_tag?post=28635"}],"curies":[{"name":"wp","href":"https:\/\/api.w.org\/{rel}","templated":true}]}}