{"id":28639,"date":"2022-09-29T23:37:50","date_gmt":"2022-09-29T16:37:50","guid":{"rendered":"https:\/\/demo8.thuythu.com\/fdmart\/san-pham\/kem-duong-ponds-chong-lao-hoa-ban-ngay\/"},"modified":"2022-09-29T23:37:50","modified_gmt":"2022-09-29T16:37:50","slug":"kem-duong-ponds-chong-lao-hoa-ban-ngay","status":"publish","type":"product","link":"https:\/\/demo8.thuythu.com\/fdmart\/san-pham\/kem-duong-ponds-chong-lao-hoa-ban-ngay\/","title":{"rendered":"Kem D\u01b0\u1ee1ng Ponds Ch\u1ed1ng L\u00e3o H\u00f3a Ban Ng\u00e0y"},"content":{"rendered":"","protected":false},"excerpt":{"rendered":"","protected":false},"featured_media":28638,"comment_status":"open","ping_status":"closed","template":"","meta":[],"product_cat":[359],"product_tag":[],"_links":{"self":[{"href":"https:\/\/demo8.thuythu.com\/fdmart\/wp-json\/wp\/v2\/product\/28639"}],"collection":[{"href":"https:\/\/demo8.thuythu.com\/fdmart\/wp-json\/wp\/v2\/product"}],"about":[{"href":"https:\/\/demo8.thuythu.com\/fdmart\/wp-json\/wp\/v2\/types\/product"}],"replies":[{"embeddable":true,"href":"https:\/\/demo8.thuythu.com\/fdmart\/wp-json\/wp\/v2\/comments?post=28639"}],"wp:featuredmedia":[{"embeddable":true,"href":"https:\/\/demo8.thuythu.com\/fdmart\/wp-json\/wp\/v2\/media\/28638"}],"wp:attachment":[{"href":"https:\/\/demo8.thuythu.com\/fdmart\/wp-json\/wp\/v2\/media?parent=28639"}],"wp:term":[{"taxonomy":"product_cat","embeddable":true,"href":"https:\/\/demo8.thuythu.com\/fdmart\/wp-json\/wp\/v2\/product_cat?post=28639"},{"taxonomy":"product_tag","embeddable":true,"href":"https:\/\/demo8.thuythu.com\/fdmart\/wp-json\/wp\/v2\/product_tag?post=28639"}],"curies":[{"name":"wp","href":"https:\/\/api.w.org\/{rel}","templated":true}]}}