{"id":28645,"date":"2022-09-29T23:37:56","date_gmt":"2022-09-29T16:37:56","guid":{"rendered":"https:\/\/demo8.thuythu.com\/fdmart\/san-pham\/kem-duong-sang-da-ban-dem-loreal-paris-glycolic-bright-50ml\/"},"modified":"2022-09-29T23:37:56","modified_gmt":"2022-09-29T16:37:56","slug":"kem-duong-sang-da-ban-dem-loreal-paris-glycolic-bright-50ml","status":"publish","type":"product","link":"https:\/\/demo8.thuythu.com\/fdmart\/san-pham\/kem-duong-sang-da-ban-dem-loreal-paris-glycolic-bright-50ml\/","title":{"rendered":"Kem D\u01b0\u1ee1ng S\u00e1ng Da Ban \u0110\u00eam L&#8217;oreal Paris Glycolic-Bright 50ml"},"content":{"rendered":"","protected":false},"excerpt":{"rendered":"","protected":false},"featured_media":28644,"comment_status":"open","ping_status":"closed","template":"","meta":[],"product_cat":[359],"product_tag":[],"_links":{"self":[{"href":"https:\/\/demo8.thuythu.com\/fdmart\/wp-json\/wp\/v2\/product\/28645"}],"collection":[{"href":"https:\/\/demo8.thuythu.com\/fdmart\/wp-json\/wp\/v2\/product"}],"about":[{"href":"https:\/\/demo8.thuythu.com\/fdmart\/wp-json\/wp\/v2\/types\/product"}],"replies":[{"embeddable":true,"href":"https:\/\/demo8.thuythu.com\/fdmart\/wp-json\/wp\/v2\/comments?post=28645"}],"wp:featuredmedia":[{"embeddable":true,"href":"https:\/\/demo8.thuythu.com\/fdmart\/wp-json\/wp\/v2\/media\/28644"}],"wp:attachment":[{"href":"https:\/\/demo8.thuythu.com\/fdmart\/wp-json\/wp\/v2\/media?parent=28645"}],"wp:term":[{"taxonomy":"product_cat","embeddable":true,"href":"https:\/\/demo8.thuythu.com\/fdmart\/wp-json\/wp\/v2\/product_cat?post=28645"},{"taxonomy":"product_tag","embeddable":true,"href":"https:\/\/demo8.thuythu.com\/fdmart\/wp-json\/wp\/v2\/product_tag?post=28645"}],"curies":[{"name":"wp","href":"https:\/\/api.w.org\/{rel}","templated":true}]}}