{"id":28738,"date":"2022-09-29T23:39:20","date_gmt":"2022-09-29T16:39:20","guid":{"rendered":"https:\/\/demo8.thuythu.com\/fdmart\/san-pham\/kem-ngan-ngua-lao-hoa-ban-dem-ponds-50gr\/"},"modified":"2022-09-29T23:39:20","modified_gmt":"2022-09-29T16:39:20","slug":"kem-ngan-ngua-lao-hoa-ban-dem-ponds-50gr","status":"publish","type":"product","link":"https:\/\/demo8.thuythu.com\/fdmart\/san-pham\/kem-ngan-ngua-lao-hoa-ban-dem-ponds-50gr\/","title":{"rendered":"Kem Ng\u0103n Ng\u1eeba L\u00e3o Ho\u00e1 Ban \u0110\u00eam PONDS 50gr"},"content":{"rendered":"","protected":false},"excerpt":{"rendered":"","protected":false},"featured_media":0,"comment_status":"open","ping_status":"closed","template":"","meta":[],"product_cat":[359],"product_tag":[],"_links":{"self":[{"href":"https:\/\/demo8.thuythu.com\/fdmart\/wp-json\/wp\/v2\/product\/28738"}],"collection":[{"href":"https:\/\/demo8.thuythu.com\/fdmart\/wp-json\/wp\/v2\/product"}],"about":[{"href":"https:\/\/demo8.thuythu.com\/fdmart\/wp-json\/wp\/v2\/types\/product"}],"replies":[{"embeddable":true,"href":"https:\/\/demo8.thuythu.com\/fdmart\/wp-json\/wp\/v2\/comments?post=28738"}],"wp:attachment":[{"href":"https:\/\/demo8.thuythu.com\/fdmart\/wp-json\/wp\/v2\/media?parent=28738"}],"wp:term":[{"taxonomy":"product_cat","embeddable":true,"href":"https:\/\/demo8.thuythu.com\/fdmart\/wp-json\/wp\/v2\/product_cat?post=28738"},{"taxonomy":"product_tag","embeddable":true,"href":"https:\/\/demo8.thuythu.com\/fdmart\/wp-json\/wp\/v2\/product_tag?post=28738"}],"curies":[{"name":"wp","href":"https:\/\/api.w.org\/{rel}","templated":true}]}}