{"id":29882,"date":"2022-09-29T23:57:28","date_gmt":"2022-09-29T16:57:28","guid":{"rendered":"https:\/\/demo8.thuythu.com\/fdmart\/san-pham\/khan-giay-bo-tui-tempo-regular-khong-mui-loc-10-goi\/"},"modified":"2022-09-29T23:57:28","modified_gmt":"2022-09-29T16:57:28","slug":"khan-giay-bo-tui-tempo-regular-khong-mui-loc-10-goi","status":"publish","type":"product","link":"https:\/\/demo8.thuythu.com\/fdmart\/san-pham\/khan-giay-bo-tui-tempo-regular-khong-mui-loc-10-goi\/","title":{"rendered":"KH\u0102N GI\u1ea4Y B\u1ece T\u00daI TEMPO REGULAR KH\u00d4NG M\u00d9I L\u1ed0C 10 G\u00d3I"},"content":{"rendered":"","protected":false},"excerpt":{"rendered":"","protected":false},"featured_media":29881,"comment_status":"open","ping_status":"closed","template":"","meta":[],"product_cat":[357],"product_tag":[],"_links":{"self":[{"href":"https:\/\/demo8.thuythu.com\/fdmart\/wp-json\/wp\/v2\/product\/29882"}],"collection":[{"href":"https:\/\/demo8.thuythu.com\/fdmart\/wp-json\/wp\/v2\/product"}],"about":[{"href":"https:\/\/demo8.thuythu.com\/fdmart\/wp-json\/wp\/v2\/types\/product"}],"replies":[{"embeddable":true,"href":"https:\/\/demo8.thuythu.com\/fdmart\/wp-json\/wp\/v2\/comments?post=29882"}],"wp:featuredmedia":[{"embeddable":true,"href":"https:\/\/demo8.thuythu.com\/fdmart\/wp-json\/wp\/v2\/media\/29881"}],"wp:attachment":[{"href":"https:\/\/demo8.thuythu.com\/fdmart\/wp-json\/wp\/v2\/media?parent=29882"}],"wp:term":[{"taxonomy":"product_cat","embeddable":true,"href":"https:\/\/demo8.thuythu.com\/fdmart\/wp-json\/wp\/v2\/product_cat?post=29882"},{"taxonomy":"product_tag","embeddable":true,"href":"https:\/\/demo8.thuythu.com\/fdmart\/wp-json\/wp\/v2\/product_tag?post=29882"}],"curies":[{"name":"wp","href":"https:\/\/api.w.org\/{rel}","templated":true}]}}